{"id":935,"date":"2022-11-26T11:37:01","date_gmt":"2022-11-26T14:37:01","guid":{"rendered":"https:\/\/isfdyt239-bue.infd.edu.ar\/sitio\/?page_id=935"},"modified":"2024-04-26T08:46:51","modified_gmt":"2024-04-26T11:46:51","slug":"equivalencias","status":"publish","type":"page","link":"https:\/\/isfdyt239-bue.infd.edu.ar\/sitio\/estudiantes\/equivalencias\/","title":{"rendered":"Equivalencias y Pases"},"content":{"rendered":"\n<h4 class=\"wp-block-heading\">Sobre las Equivalencias<\/h4>\n\n\n\n<p>Cualquier estudiante inscripto en nuestro Instituto podr\u00e1 pedir equivalencias de una o varias materias cuando hubiera aprobado estudios de contenidos similares o equivalentes (con finales acreditados, no es v\u00e1lido una cursada parcial), realizados en el mismo Instituto, en otra Instituci\u00f3n de Nivel Superior (oficial o privada debidamente reconocida) o en una Universidad.<\/p>\n\n\n\n<p><strong>Per\u00edodo de recepci\u00f3n de solicitudes: <\/strong>De acuerdo a la normativa, se debe presentar la solicitud al momento de la Inscripci\u00f3n presencial a la carrera; pero dado que, y en pos del estudiante, la solicitud de la documentaci\u00f3n en la Instituci\u00f3n externa puede extenderse, se aceptan equivalencias hasta el 31 de mayo del ciclo lectivo.<\/p>\n\n\n\n<h6 class=\"wp-block-heading has-text-align-center\">Documentaci\u00f3n a presentar<\/h6>\n\n\n\n<p>La documentaci\u00f3n deber\u00e1 ser entregada al preceptor encargado de la carrera en la sede y turno correspondiente. Deber\u00e1 ser de manera presencial para evitar posibles retrasos administrativos y log\u00edsticos.<\/p>\n\n\n\n<p>El tr\u00e1mite, a fin de evitar gastos econ\u00f3micos excesivos, posee dos etapas, ambas obligatorias para el pronunciamiento del docente sobre una solicitud de equivalencia.<\/p>\n\n\n\n<figure class=\"wp-block-table alignwide is-style-stripes\"><table><thead><tr><th class=\"has-text-align-center\" data-align=\"center\">Solicitud virtual<\/th><th class=\"has-text-align-center\" data-align=\"center\">Solicitud presencial en formato f\u00edsica<\/th><\/tr><\/thead><tbody><tr><td class=\"has-text-align-center\" data-align=\"center\">El estudiante env\u00eda la documentaci\u00f3n requerida al correo <a href=\"mailto:pasesyequivalencias.i239@gmail.com\" target=\"_blank\" rel=\"noreferrer noopener\">pasesyequivalencias.i239@gmail.com<\/a> y luego concurre de forma presencial a continuar con el tr\u00e1mite.<\/td><td class=\"has-text-align-center\" data-align=\"center\">Posterior al envi\u00f3 de la documentaci\u00f3n, el estudiante; preferentemente de forma presencial al Preceptor, le presenta la documentaci\u00f3n requerida en papel, ya que esta se debe resguardar en conjunto con el legajo.<\/td><\/tr><tr><td class=\"has-text-align-center\" data-align=\"center\">La documentaci\u00f3n que debe escanear y enviar es DNI actualizado, Certificado anal\u00edtico actualizado (donde conste fecha de acreditaci\u00f3n, calificaci\u00f3n, firma y sello de la Instituci\u00f3n) y programas debidamente certificados por la instituci\u00f3n externa (debe ser actualizado, o el anterior pr\u00f3ximo al ciclo donde aprob\u00f3 la materia el estudiante, debe estar certificado por la Biblioteca folio a folio o en todo caso, poseer certificaci\u00f3n digital comprobable).<br>Si para una materia de nuestra Instituci\u00f3n, va a presentar dos o mas programas que corresponden a materias aprobadas en otras instituciones, estos deben estar en un solo archivo. Si un mismo programa lo va a utilizar para dos materias de nuestra instituci\u00f3n, deber\u00e1 repetir el archivo en cuesti\u00f3n.<br><\/td><td class=\"has-text-align-center\" data-align=\"center\">La documentaci\u00f3n que debe presentar es la Nota de Solicitud de Equivalencias, Formulario A14 y Formulario A14a. En cuanto al formulario A14, se presenta un \u00fanico ejemplar independientemente de la cantidad de materias solicitadas. En tanto el formulario A14a se presentan tantos ejemplares como materias se soliciten. Recuerde que el formulario A14a debe estar en concordancia con el archivo \u00abProgramas Certificados\u00bb que envi\u00f3 al mail.<\/td><\/tr><\/tbody><\/table><\/figure>\n\n\n\n<ul>\n<li><a href=\"https:\/\/drive.google.com\/file\/d\/1IwLb9uEcQkaG27TYTzQrk_r36KxP5Xfx\/view?usp=sharing\" data-type=\"URL\" data-id=\"https:\/\/drive.google.com\/file\/d\/1IwLb9uEcQkaG27TYTzQrk_r36KxP5Xfx\/view?usp=sharing\" target=\"_blank\" rel=\"noreferrer noopener\">Nota de Solicitud de Equivalencia<\/a>. Se presenta un \u00fanico ejemplar independientemente de la cantidad de materias solicitadas.<\/li>\n<\/ul>\n\n\n\n<ul>\n<li><a href=\"https:\/\/drive.google.com\/file\/d\/1_GY-W1Xz2lqLa7Xk9Se9Qoa_I1__48Ef\/view?usp=sharing\" data-type=\"URL\" data-id=\"https:\/\/drive.google.com\/file\/d\/1_GY-W1Xz2lqLa7Xk9Se9Qoa_I1__48Ef\/view?usp=sharing\" target=\"_blank\" rel=\"noreferrer noopener\">Formulario A14 (Resumen &#8211; Solicitud de equivalencia)<\/a>. Se presenta un \u00fanico ejemplar independientemente de la cantidad de materias solicitadas.<\/li>\n\n\n\n<li><a href=\"https:\/\/drive.google.com\/file\/d\/1GXfO6umQ0LmjYe0wbzHCw0qXKadUmBba\/view?usp=sharing\" data-type=\"URL\" data-id=\"https:\/\/drive.google.com\/file\/d\/1GXfO6umQ0LmjYe0wbzHCw0qXKadUmBba\/view?usp=sharing\" target=\"_blank\" rel=\"noreferrer noopener\">Formulario A14a (Solicitud de equivalencia por asignatura)<\/a>. Se presenta tantos ejemplares como materias se soliciten.<\/li>\n\n\n\n<li>Cada formulario A14a debe ir acompa\u00f1ado del programa de la materia de la Instituci\u00f3n en la que acredit\u00f3 el espacio. Dicho programa deber\u00e1 estar debidamente certificado y foliado, es decir, estar firmados y sellados (cada folio) por la Instituci\u00f3n donde se curs\u00f3 y acredit\u00f3.<\/li>\n\n\n\n<li>Certificado anal\u00edtico donde conste fecha de acreditaci\u00f3n, calificaci\u00f3n, firma y sello de la Instituci\u00f3n.<\/li>\n<\/ul>\n\n\n\n<h6 class=\"wp-block-heading has-text-align-center\">Datos de Inter\u00e9s<\/h6>\n\n\n\n<ol>\n<li>Se podr\u00e1 solicitar equivalencias de espacios curriculares cuyo final se haya rendido dentro de los \u00faltimos 6 a\u00f1os, con la carrera terminada o no, seg\u00fan lo establece la normativa vigente. Esto significa por ejemplo que para el a\u00f1o 2023 se pueden pedir equivalencias de materias cuyo final se haya rendido a partir del a\u00f1o 2017, ya que 2023 &#8211; 2017 = 6.<\/li>\n\n\n\n<li>Las y los estudiantes solicitan equivalencias por unidades curriculares que van desde toda la duraci\u00f3n de su estudio (1\u00b0 a 3\u00b0 o 1\u00b0 a 4\u00b0 seg\u00fan corresponda) en un mismo pedido (por cambios en la normativa, ya no se reclaman a\u00f1o por a\u00f1o).<\/li>\n\n\n\n<li>Se puede presentar hasta tres programas de espacios acreditados en otra Instituci\u00f3n para solicitar por equivalencia la aprobaci\u00f3n de una sola materia.<\/li>\n<\/ol>\n\n\n\n<h4 class=\"wp-block-heading\">Sobre los Pases<\/h4>\n\n\n\n<p>Cualquier estudiante que desee estudiar en nuestra Instituci\u00f3n, y tenga materias aprobadas de la misma carrera (bajo la misma resoluci\u00f3n) en otro Instituto Superior, podr\u00e1 solicitar un pase de instituci\u00f3n permiti\u00e9ndole as\u00ed traer su misma situaci\u00f3n acad\u00e9mica a nuestro Instituto.<\/p>\n\n\n\n<p>La solicitud se realiza llenando la <a rel=\"noreferrer noopener\" href=\"https:\/\/drive.google.com\/file\/d\/1xj6zHdESgVy9Y2AdRSVp9avyQ3Pry60z\/view?usp=sharing\" data-type=\"URL\" data-id=\"https:\/\/drive.google.com\/file\/d\/1xj6zHdESgVy9Y2AdRSVp9avyQ3Pry60z\/view?usp=sharing\" target=\"_blank\">Nota de Solicitud de Pase<\/a> y present\u00e1ndola en Preceptor\u00eda, qui\u00e9n se encarga de enviar a la Instituci\u00f3n emisora la solicitud del pase. El estudiante deber\u00e1 remitir de forma presencial la Nota y el Certificado Anal\u00edtico que de cuenta de las materias aprobadas, ya sea acreditadas o solamente cursadas. Por otro lado, deber\u00e1 enviar la documentaci\u00f3n que constituye su legajo al correo electr\u00f3nico <a href=\"mailto:pasesyequivalencias.i239@gmail.com\" target=\"_blank\" rel=\"noreferrer noopener\">pasesyequivalencias.i239@gmail.com<\/a><\/p>\n\n\n\n<p>Si bien es un derecho estudiantil la elecci\u00f3n de la locaci\u00f3n de estudios, esta solicitud estar\u00e1 supeditada a la existencia de vacantes. Por lo tanto, luego de realizadas las inscripciones a las cursadas de cada materia, podremos saber la disponibilidad en cada a\u00f1o y carrera; y reci\u00e9n all\u00ed confirmar el cupo de la misma.<\/p>\n\n\n\n<p><\/p>\n","protected":false},"excerpt":{"rendered":"<p>Sobre las Equivalencias Cualquier estudiante inscripto en nuestro Instituto podr\u00e1 pedir equivalencias de una o varias materias cuando hubiera aprobado estudios de contenidos similares o equivalentes (con finales acreditados, no es v\u00e1lido una cursada parcial), realizados en el mismo Instituto, en otra Instituci\u00f3n de Nivel Superior (oficial o privada debidamente reconocida) o en una Universidad. &#8230; <a title=\"Equivalencias y Pases\" class=\"read-more\" href=\"https:\/\/isfdyt239-bue.infd.edu.ar\/sitio\/estudiantes\/equivalencias\/\" aria-label=\"M\u00e1s en Equivalencias y Pases\">[+]<\/a><\/p>\n","protected":false},"author":18,"featured_media":0,"parent":908,"menu_order":0,"comment_status":"closed","ping_status":"closed","template":"","meta":[],"acf":[],"_links":{"self":[{"href":"https:\/\/isfdyt239-bue.infd.edu.ar\/sitio\/wp-json\/wp\/v2\/pages\/935"}],"collection":[{"href":"https:\/\/isfdyt239-bue.infd.edu.ar\/sitio\/wp-json\/wp\/v2\/pages"}],"about":[{"href":"https:\/\/isfdyt239-bue.infd.edu.ar\/sitio\/wp-json\/wp\/v2\/types\/page"}],"author":[{"embeddable":true,"href":"https:\/\/isfdyt239-bue.infd.edu.ar\/sitio\/wp-json\/wp\/v2\/users\/18"}],"replies":[{"embeddable":true,"href":"https:\/\/isfdyt239-bue.infd.edu.ar\/sitio\/wp-json\/wp\/v2\/comments?post=935"}],"version-history":[{"count":8,"href":"https:\/\/isfdyt239-bue.infd.edu.ar\/sitio\/wp-json\/wp\/v2\/pages\/935\/revisions"}],"predecessor-version":[{"id":1322,"href":"https:\/\/isfdyt239-bue.infd.edu.ar\/sitio\/wp-json\/wp\/v2\/pages\/935\/revisions\/1322"}],"up":[{"embeddable":true,"href":"https:\/\/isfdyt239-bue.infd.edu.ar\/sitio\/wp-json\/wp\/v2\/pages\/908"}],"wp:attachment":[{"href":"https:\/\/isfdyt239-bue.infd.edu.ar\/sitio\/wp-json\/wp\/v2\/media?parent=935"}],"curies":[{"name":"wp","href":"https:\/\/api.w.org\/{rel}","templated":true}]}}