{"id":914,"date":"2022-10-15T15:24:19","date_gmt":"2022-10-15T18:24:19","guid":{"rendered":"https:\/\/isfdyt239-bue.infd.edu.ar\/sitio\/?page_id=914"},"modified":"2024-04-26T08:52:42","modified_gmt":"2024-04-26T11:52:42","slug":"campus","status":"publish","type":"page","link":"https:\/\/isfdyt239-bue.infd.edu.ar\/sitio\/estudiantes\/campus\/","title":{"rendered":"Campus virtual"},"content":{"rendered":"\n<p>Para ingresar al campus virtual, previa creaci\u00f3n del perfil del estudiante por parte del equipo de Gesti\u00f3n, se realiza a trav\u00e9s del siguiente link: <a rel=\"noreferrer noopener\" href=\"https:\/\/isfdyt239-bue.infd.edu.ar\/aula\/acceso.cgi\" data-type=\"URL\" data-id=\"https:\/\/isfdyt239-bue.infd.edu.ar\/aula\/acceso.cgi\" target=\"_blank\">Ingreso al campus virtual<\/a>.<\/p>\n\n\n\n<p>Requisitos necesarios para la cumplimentaci\u00f3n en el Campus Virtual:<\/p>\n\n\n\n<ul>\n<li>Figurar con nombre y apellido.<\/li>\n\n\n\n<li>Cargar la foto identificadora de cada uno. Reconociendo que los profesores deber\u00e1n poder identificarlos r\u00e1pidamente.<\/li>\n\n\n\n<li>Ingresar de forma peri\u00f3dica, al menos una vez a la semana.<\/li>\n<\/ul>\n\n\n\n<p>En caso de requerirlo, a continuaci\u00f3n se facilitan diversos tutoriales tanto para el manejo del campus, como para las entregas que se tengan que realizar all\u00ed.<\/p>\n\n\n\n<p>Por otro lado, en caso de existir alg\u00fan tipo de inconveniente en tanto a la gesti\u00f3n del Campus Virtual o de la interacci\u00f3n con el mismo deber\u00e1n remitir sus dudas y\/o consultas a <a rel=\"noreferrer noopener\" href=\"mailto:biblioteca.i239lp@gmail.com\" target=\"_blank\">biblioteca.i239lp@gmail.com<\/a>. La Bibl. Martinez, Paola es quien frecuentemente gestiona la administraci\u00f3n del Campus. Tambi\u00e9n, dentro de la medida de las posibilidades, podr\u00e1n consultarlo de forma presencial, disponiendo inclusive de una PC de uso com\u00fan en Preceptor\u00eda\/Biblioteca.<\/p>\n\n\n\n<h4 class=\"wp-block-heading\">Tutoriales para el Uso del Campus<\/h4>\n\n\n\n<ul>\n<li><a href=\"https:\/\/red.infd.edu.ar\/tutoriales-y-aportes-teoricos\/tutoriales-campus-virtual-infd\/\" data-type=\"URL\" data-id=\"https:\/\/red.infd.edu.ar\/tutoriales-y-aportes-teoricos\/tutoriales-campus-virtual-infd\/\" target=\"_blank\" rel=\"noreferrer noopener\">Campus Virtual INFD<\/a><\/li>\n\n\n\n<li><a href=\"https:\/\/www.youtube.com\/@videotecadocente\" data-type=\"URL\" data-id=\"https:\/\/www.youtube.com\/@videotecadocente\" target=\"_blank\" rel=\"noreferrer noopener\">Canal de Youtube de Videoteca Docente (Red Infod)<\/a><\/li>\n\n\n\n<li><a href=\"https:\/\/www.youtube.com\/playlist?list=PL1mTSmNi7RdLQFwjjAD3Jk8d9kE_MYpCq\" data-type=\"URL\" data-id=\"https:\/\/www.youtube.com\/playlist?list=PL1mTSmNi7RdLQFwjjAD3Jk8d9kE_MYpCq\" target=\"_blank\" rel=\"noreferrer noopener\">Canal de Youtube de Tecnificame &#8211; Herramientas educativas<\/a><\/li>\n<\/ul>\n","protected":false},"excerpt":{"rendered":"<p>Para ingresar al campus virtual, previa creaci\u00f3n del perfil del estudiante por parte del equipo de Gesti\u00f3n, se realiza a trav\u00e9s del siguiente link: Ingreso al campus virtual. Requisitos necesarios para la cumplimentaci\u00f3n en el Campus Virtual: En caso de requerirlo, a continuaci\u00f3n se facilitan diversos tutoriales tanto para el manejo del campus, como para &#8230; <a title=\"Campus virtual\" class=\"read-more\" href=\"https:\/\/isfdyt239-bue.infd.edu.ar\/sitio\/estudiantes\/campus\/\" aria-label=\"M\u00e1s en Campus virtual\">[+]<\/a><\/p>\n","protected":false},"author":18,"featured_media":0,"parent":908,"menu_order":2,"comment_status":"closed","ping_status":"closed","template":"","meta":[],"acf":[],"_links":{"self":[{"href":"https:\/\/isfdyt239-bue.infd.edu.ar\/sitio\/wp-json\/wp\/v2\/pages\/914"}],"collection":[{"href":"https:\/\/isfdyt239-bue.infd.edu.ar\/sitio\/wp-json\/wp\/v2\/pages"}],"about":[{"href":"https:\/\/isfdyt239-bue.infd.edu.ar\/sitio\/wp-json\/wp\/v2\/types\/page"}],"author":[{"embeddable":true,"href":"https:\/\/isfdyt239-bue.infd.edu.ar\/sitio\/wp-json\/wp\/v2\/users\/18"}],"replies":[{"embeddable":true,"href":"https:\/\/isfdyt239-bue.infd.edu.ar\/sitio\/wp-json\/wp\/v2\/comments?post=914"}],"version-history":[{"count":5,"href":"https:\/\/isfdyt239-bue.infd.edu.ar\/sitio\/wp-json\/wp\/v2\/pages\/914\/revisions"}],"predecessor-version":[{"id":1325,"href":"https:\/\/isfdyt239-bue.infd.edu.ar\/sitio\/wp-json\/wp\/v2\/pages\/914\/revisions\/1325"}],"up":[{"embeddable":true,"href":"https:\/\/isfdyt239-bue.infd.edu.ar\/sitio\/wp-json\/wp\/v2\/pages\/908"}],"wp:attachment":[{"href":"https:\/\/isfdyt239-bue.infd.edu.ar\/sitio\/wp-json\/wp\/v2\/media?parent=914"}],"curies":[{"name":"wp","href":"https:\/\/api.w.org\/{rel}","templated":true}]}}