{"id":908,"date":"2022-10-15T13:11:46","date_gmt":"2022-10-15T16:11:46","guid":{"rendered":"https:\/\/isfdyt239-bue.infd.edu.ar\/sitio\/?page_id=908"},"modified":"2022-11-26T11:35:12","modified_gmt":"2022-11-26T14:35:12","slug":"estudiantes","status":"publish","type":"page","link":"https:\/\/isfdyt239-bue.infd.edu.ar\/sitio\/estudiantes\/","title":{"rendered":"Estudiantes"},"content":{"rendered":"\n<p>Ser estudiante en el Nivel Superior implica desaf\u00edos importantes a nivel personal y social. El inicio a la vida acad\u00e9mica en este nivel es la oportunidad para ingresar a una organizaci\u00f3n y a una cultura especial, la cual se va conociendo y aprendiendo en forma gradual.<\/p>\n\n\n\n<p>Nadie se recibe de estudiante del nivel terciario  de un d\u00eda para el otro, ni en dos o tres semanas. Es un proceso que lleva su tiempo. Ingresar a la Formaci\u00f3n Superior, y en particular a nuestra Instituci\u00f3n, involucra cambios que requieren adaptaci\u00f3n y transformaci\u00f3n, reorganizaci\u00f3n personal, familiar y social.<br><\/p>\n\n\n\n<p>Este nuevo camino no te encuentra solo. Adem\u00e1s de tus compa\u00f1eros, nuestro Instituto pone a tu disposici\u00f3n una serie de alternativas y espacios donde podr\u00e1s encontrar apoyo y acompa\u00f1amiento, como por ejemplo las tutor\u00edas de pares y docentes, el acompa\u00f1amiento a las trayector\u00edas educativas, informaci\u00f3n acad\u00e9mica y centros de estudiantes, entre otros.<\/p>\n","protected":false},"excerpt":{"rendered":"<p>Ser estudiante en el Nivel Superior implica desaf\u00edos importantes a nivel personal y social. El inicio a la vida acad\u00e9mica en este nivel es la oportunidad para ingresar a una organizaci\u00f3n y a una cultura especial, la cual se va conociendo y aprendiendo en forma gradual. Nadie se recibe de estudiante del nivel terciario de &#8230; <a title=\"Estudiantes\" class=\"read-more\" href=\"https:\/\/isfdyt239-bue.infd.edu.ar\/sitio\/estudiantes\/\" aria-label=\"M\u00e1s en Estudiantes\">[+]<\/a><\/p>\n","protected":false},"author":18,"featured_media":0,"parent":0,"menu_order":0,"comment_status":"closed","ping_status":"closed","template":"","meta":[],"acf":[],"_links":{"self":[{"href":"https:\/\/isfdyt239-bue.infd.edu.ar\/sitio\/wp-json\/wp\/v2\/pages\/908"}],"collection":[{"href":"https:\/\/isfdyt239-bue.infd.edu.ar\/sitio\/wp-json\/wp\/v2\/pages"}],"about":[{"href":"https:\/\/isfdyt239-bue.infd.edu.ar\/sitio\/wp-json\/wp\/v2\/types\/page"}],"author":[{"embeddable":true,"href":"https:\/\/isfdyt239-bue.infd.edu.ar\/sitio\/wp-json\/wp\/v2\/users\/18"}],"replies":[{"embeddable":true,"href":"https:\/\/isfdyt239-bue.infd.edu.ar\/sitio\/wp-json\/wp\/v2\/comments?post=908"}],"version-history":[{"count":2,"href":"https:\/\/isfdyt239-bue.infd.edu.ar\/sitio\/wp-json\/wp\/v2\/pages\/908\/revisions"}],"predecessor-version":[{"id":990,"href":"https:\/\/isfdyt239-bue.infd.edu.ar\/sitio\/wp-json\/wp\/v2\/pages\/908\/revisions\/990"}],"wp:attachment":[{"href":"https:\/\/isfdyt239-bue.infd.edu.ar\/sitio\/wp-json\/wp\/v2\/media?parent=908"}],"curies":[{"name":"wp","href":"https:\/\/api.w.org\/{rel}","templated":true}]}}