{"id":898,"date":"2022-10-14T21:41:32","date_gmt":"2022-10-15T00:41:32","guid":{"rendered":"https:\/\/isfdyt239-bue.infd.edu.ar\/sitio\/?page_id=898"},"modified":"2025-06-11T20:25:12","modified_gmt":"2025-06-11T23:25:12","slug":"cooperadora","status":"publish","type":"page","link":"https:\/\/isfdyt239-bue.infd.edu.ar\/sitio\/inicio\/cooperadora\/","title":{"rendered":"Asociaci\u00f3n Cooperadora"},"content":{"rendered":"\n<p>La Asociaci\u00f3n Cooperadora es una organizaci\u00f3n sin fines de lucro que tiene como objetivo contribuir con una Instituci\u00f3n educativa espec\u00edfica para facilitar y mejorar el servicio educativo que se brinda a todos sus estudiantes. As\u00ed, la Cooperadora se convierte en el nexo principal entre sociedad y escuela.<\/p>\n\n\n\n<p>En ese sentido, el objetivo de nuestra Cooperadora es lograr un cambio u obra positiva para la Instituci\u00f3n Educativa, que van desde edificar, mejorar, ampliar inmuebles, hasta la posibilidad de otorgar becas, suministrar asistencia m\u00e9dica, proveer libros y brindar apoyo y est\u00edmulo a los estudiantes acompa\u00f1\u00e1ndolos en todas las manifestaciones acad\u00e9micas, entre otras acciones.<\/p>\n\n\n\n<p>Por ello es importante recordarles la importancia que representa para todos los actores que contribuyamos &#8211; en la medida de nuestras posibilidades &#8211; con el pago de la cuota social voluntaria, pues gracias al aporte voluntario de los socios, desde la Cooperadora podemos brindar apoyo a los requerimientos y necesidades que contribuyen a mejorar la calidad educativa en nuestro Instituto.<\/p>\n\n\n\n<p>La Comisi\u00f3n Directiva de nuestra Cooperadora est\u00e1 conformada por:<\/p>\n\n\n\n<ol>\n<li>Presidenta: Prof. Gonzalez, Amanda Rosaura.<\/li>\n\n\n\n<li>Secretaria: Prof. Ramal, Sandra Mar\u00eda del Carmen.<\/li>\n\n\n\n<li>Tesorero: Prof. Guerre\u00f1o, Ricardo Guillermo.<\/li>\n<\/ol>\n\n\n\n<p>El monto de la misma se fija en Asamblea. En octubre de 2025 el monto mensual es de $ 3.000 (pesos tres mil) o una cuota anual de $30.000 (pesos treinta mil).<\/p>\n\n\n\n<p>Para lograr recaudar de manera r\u00e1pida, segura y ordenada, hemos habilitado la Cuenta Bancaria del Banco Provincia para realizar transferencias:<\/p>\n\n\n\n<figure class=\"wp-block-table aligncenter\"><table><tbody><tr><td class=\"has-text-align-center\" data-align=\"center\">Cuenta Corriente:<\/td><td>5015-60471\/4<\/td><\/tr><tr><td class=\"has-text-align-center\" data-align=\"center\">CBU:<\/td><td>0140068701501506047144<\/td><\/tr><tr><td class=\"has-text-align-center\" data-align=\"center\">Alias:<\/td><td>COPA.ENTRE.PETALO<\/td><\/tr><tr><td class=\"has-text-align-center\" data-align=\"center\">CUIT:<\/td><td>30718060466<\/td><\/tr><\/tbody><\/table><\/figure>\n\n\n\n<p><strong>Importante:<\/strong> Con posterioridad al pago, le solicitamos que nos env\u00ede un email a <strong>Coopisfdyt239@gmail.com<\/strong> o al tel: <strong>2216764049 <\/strong>indicando nombre completo, DNI, la fecha de la operaci\u00f3n y adjuntando el comprobante con el importe transferido. Esta informaci\u00f3n nos permitir\u00e1 registrar su pago y generar el correspondiente recibo.<\/p>\n","protected":false},"excerpt":{"rendered":"<p>La Asociaci\u00f3n Cooperadora es una organizaci\u00f3n sin fines de lucro que tiene como objetivo contribuir con una Instituci\u00f3n educativa espec\u00edfica para facilitar y mejorar el servicio educativo que se brinda a todos sus estudiantes. As\u00ed, la Cooperadora se convierte en el nexo principal entre sociedad y escuela. En ese sentido, el objetivo de nuestra Cooperadora &#8230; <a title=\"Asociaci\u00f3n Cooperadora\" class=\"read-more\" href=\"https:\/\/isfdyt239-bue.infd.edu.ar\/sitio\/inicio\/cooperadora\/\" aria-label=\"M\u00e1s en Asociaci\u00f3n Cooperadora\">[+]<\/a><\/p>\n","protected":false},"author":18,"featured_media":0,"parent":286,"menu_order":3,"comment_status":"closed","ping_status":"closed","template":"","meta":[],"acf":[],"_links":{"self":[{"href":"https:\/\/isfdyt239-bue.infd.edu.ar\/sitio\/wp-json\/wp\/v2\/pages\/898"}],"collection":[{"href":"https:\/\/isfdyt239-bue.infd.edu.ar\/sitio\/wp-json\/wp\/v2\/pages"}],"about":[{"href":"https:\/\/isfdyt239-bue.infd.edu.ar\/sitio\/wp-json\/wp\/v2\/types\/page"}],"author":[{"embeddable":true,"href":"https:\/\/isfdyt239-bue.infd.edu.ar\/sitio\/wp-json\/wp\/v2\/users\/18"}],"replies":[{"embeddable":true,"href":"https:\/\/isfdyt239-bue.infd.edu.ar\/sitio\/wp-json\/wp\/v2\/comments?post=898"}],"version-history":[{"count":7,"href":"https:\/\/isfdyt239-bue.infd.edu.ar\/sitio\/wp-json\/wp\/v2\/pages\/898\/revisions"}],"predecessor-version":[{"id":1378,"href":"https:\/\/isfdyt239-bue.infd.edu.ar\/sitio\/wp-json\/wp\/v2\/pages\/898\/revisions\/1378"}],"up":[{"embeddable":true,"href":"https:\/\/isfdyt239-bue.infd.edu.ar\/sitio\/wp-json\/wp\/v2\/pages\/286"}],"wp:attachment":[{"href":"https:\/\/isfdyt239-bue.infd.edu.ar\/sitio\/wp-json\/wp\/v2\/media?parent=898"}],"curies":[{"name":"wp","href":"https:\/\/api.w.org\/{rel}","templated":true}]}}