{"id":895,"date":"2022-10-14T21:38:47","date_gmt":"2022-10-15T00:38:47","guid":{"rendered":"https:\/\/isfdyt239-bue.infd.edu.ar\/sitio\/?page_id=895"},"modified":"2025-11-05T20:39:37","modified_gmt":"2025-11-05T23:39:37","slug":"preinscripcion","status":"publish","type":"page","link":"https:\/\/isfdyt239-bue.infd.edu.ar\/sitio\/inscripcion\/preinscripcion\/","title":{"rendered":"Preinscripci\u00f3n 3 al 15 de noviembre"},"content":{"rendered":"\n<p>Independientemente de la Tecnicatura o Profesorado al que desees inscribirte es necesario, previo a la Inscripci\u00f3n formal, realizar el tr\u00e1mite de Preinscripci\u00f3n. <\/p>\n\n\n\n<p>As\u00ed, la preinscripci\u00f3n al nivel superior inicia el proceso de admisi\u00f3n en el nivel. Los estudiantes deben formalizar esta gesti\u00f3n durante los plazos establecidos, modalidad online, y luego cumplimentar el proceso de inscripci\u00f3n con la documentaci\u00f3n en los plazos establecidos.<\/p>\n\n\n\n<p>El proceso administrativo de la preinscripci\u00f3n, obligatorio para acceder a la Instituci\u00f3n, no constituye una reserva de vacantes ni le otorga condici\u00f3n al estudiante de ser alumno regular. Esto se obtiene al momento de la inscripci\u00f3n.<\/p>\n\n\n\n<p>Para la preinscripci\u00f3n es necesario rellenar un formulario (Google Forms) con sus datos personales. Para la inscripci\u00f3n, los requisitos est\u00e1n explicitados en el sector de Inscripciones.<\/p>\n\n\n\n<p>Para dar comienzo a la Pre Inscripci\u00f3n, ingrese al siguiente formulario correspondiente a la carrera que aspira a ingresar: (EL FORMULARIO ESTAR\u00c1 ABIERTO A PARTIR DEL 3\/11\/25 A LAS 14:00 HS)<\/p>\n\n\n\n<figure class=\"wp-block-table alignwide is-style-stripes\"><table><tbody><tr><td class=\"has-text-align-center\" data-align=\"center\"><strong>Propuesta formativa<\/strong><\/td><td class=\"has-text-align-center\" data-align=\"center\"><strong>Formulario<\/strong><\/td><\/tr><tr><td class=\"has-text-align-center\" data-align=\"center\">Tec. Sup. en Higiene y Seguridad en el Trabajo (Res.320\/13)<\/td><td class=\"has-text-align-center\" data-align=\"center\"><a href=\"https:\/\/forms.gle\/kxoB3aAVWDUBU2cY6\" data-type=\"URL\" target=\"_blank\" rel=\"noreferrer noopener\">Link al formulario<\/a><\/td><\/tr><tr><td class=\"has-text-align-center\" data-align=\"center\">Tecnicatura Superior en Acompa\u00f1amiento Terap\u00e9utico Res 1221\/15 (solo para ingresantes a primer a\u00f1o )<\/td><td class=\"has-text-align-center\" data-align=\"center\"><a href=\"https:\/\/forms.gle\/7dH4CmSgn141EXj4A\" data-type=\"URL\" target=\"_blank\" rel=\"noreferrer noopener\">Link al formulario<\/a><\/td><\/tr><tr><td class=\"has-text-align-center\" data-align=\"center\">Tecnicatura Superior en Tiempo Libre y Recreaci\u00f3n (Res.3783\/22) <\/td><td class=\"has-text-align-center\" data-align=\"center\"><a href=\"https:\/\/forms.gle\/85SNhLVrr4XgTxes6\" data-type=\"URL\" target=\"_blank\" rel=\"noreferrer noopener\">Link al formulario<\/a><\/td><\/tr><tr><td class=\"has-text-align-center\" data-align=\"center\">Profesorado de Educaci\u00f3n Secundaria en Historia (Res.3609\/22)<\/td><td class=\"has-text-align-center\" data-align=\"center\"><a href=\"https:\/\/forms.gle\/M38kihSiHFzfYpM4A\" data-type=\"URL\" target=\"_blank\" rel=\"noreferrer noopener\">Link al formulario<\/a><\/td><\/tr><tr><td class=\"has-text-align-center\" data-align=\"center\">Profesorado de Educaci\u00f3n Primaria (Res.4154\/07)<\/td><td class=\"has-text-align-center\" data-align=\"center\"><a href=\"https:\/\/forms.gle\/NQ2EBjo88QV3VVgp6\" data-type=\"URL\" data-id=\"https:\/\/forms.gle\/NQ2EBjo88QV3VVgp6\" target=\"_blank\" rel=\"noreferrer noopener\">Link al formulario<\/a><\/td><\/tr><tr><td class=\"has-text-align-center\" data-align=\"center\">Tecnicatura Superior en Acompa\u00f1amiento Terap\u00e9utico Res 1221\/15 (solo para segundo a\u00f1o con certificado Res.1014)<\/td><td class=\"has-text-align-center\" data-align=\"center\"><a href=\"https:\/\/forms.gle\/b3NhNW4ssgmNFFh28\" data-type=\"URL\" data-id=\"https:\/\/forms.gle\/aupXQ1jyNtzLTZVg9https:\/\/forms.gle\/pT47JGtFj9bzWwGz7\">Link al formulario<\/a><\/td><\/tr><\/tbody><\/table><\/figure>\n","protected":false},"excerpt":{"rendered":"<p>Independientemente de la Tecnicatura o Profesorado al que desees inscribirte es necesario, previo a la Inscripci\u00f3n formal, realizar el tr\u00e1mite de Preinscripci\u00f3n. As\u00ed, la preinscripci\u00f3n al nivel superior inicia el proceso de admisi\u00f3n en el nivel. Los estudiantes deben formalizar esta gesti\u00f3n durante los plazos establecidos, modalidad online, y luego cumplimentar el proceso de inscripci\u00f3n &#8230; <a title=\"Preinscripci\u00f3n 3 al 15 de noviembre\" class=\"read-more\" href=\"https:\/\/isfdyt239-bue.infd.edu.ar\/sitio\/inscripcion\/preinscripcion\/\" aria-label=\"M\u00e1s en Preinscripci\u00f3n 3 al 15 de noviembre\">[+]<\/a><\/p>\n","protected":false},"author":11,"featured_media":0,"parent":892,"menu_order":1,"comment_status":"closed","ping_status":"closed","template":"","meta":[],"acf":[],"_links":{"self":[{"href":"https:\/\/isfdyt239-bue.infd.edu.ar\/sitio\/wp-json\/wp\/v2\/pages\/895"}],"collection":[{"href":"https:\/\/isfdyt239-bue.infd.edu.ar\/sitio\/wp-json\/wp\/v2\/pages"}],"about":[{"href":"https:\/\/isfdyt239-bue.infd.edu.ar\/sitio\/wp-json\/wp\/v2\/types\/page"}],"author":[{"embeddable":true,"href":"https:\/\/isfdyt239-bue.infd.edu.ar\/sitio\/wp-json\/wp\/v2\/users\/11"}],"replies":[{"embeddable":true,"href":"https:\/\/isfdyt239-bue.infd.edu.ar\/sitio\/wp-json\/wp\/v2\/comments?post=895"}],"version-history":[{"count":32,"href":"https:\/\/isfdyt239-bue.infd.edu.ar\/sitio\/wp-json\/wp\/v2\/pages\/895\/revisions"}],"predecessor-version":[{"id":1483,"href":"https:\/\/isfdyt239-bue.infd.edu.ar\/sitio\/wp-json\/wp\/v2\/pages\/895\/revisions\/1483"}],"up":[{"embeddable":true,"href":"https:\/\/isfdyt239-bue.infd.edu.ar\/sitio\/wp-json\/wp\/v2\/pages\/892"}],"wp:attachment":[{"href":"https:\/\/isfdyt239-bue.infd.edu.ar\/sitio\/wp-json\/wp\/v2\/media?parent=895"}],"curies":[{"name":"wp","href":"https:\/\/api.w.org\/{rel}","templated":true}]}}