{"id":889,"date":"2022-10-14T20:59:53","date_gmt":"2022-10-14T23:59:53","guid":{"rendered":"https:\/\/isfdyt239-bue.infd.edu.ar\/sitio\/?page_id=889"},"modified":"2025-06-11T20:37:55","modified_gmt":"2025-06-11T23:37:55","slug":"cursada-seguridad","status":"publish","type":"page","link":"https:\/\/isfdyt239-bue.infd.edu.ar\/sitio\/carreras\/seguridad-higiene\/cursada-seguridad\/","title":{"rendered":"Sobre las Cursadas"},"content":{"rendered":"\n<p>En la presente grilla se encuentran los d\u00edas, horarios y sede de las cursadas de cada materia que forma parte de la Tecnicatura Superior en Higiene y Seguridad en el Trabajo.<\/p>\n\n\n\n<h4 class=\"wp-block-heading has-text-align-center\">Primer a\u00f1o<\/h4>\n\n\n\n<figure class=\"wp-block-table alignfull\"><table><tbody><tr><td class=\"has-text-align-center\" data-align=\"center\"><strong>Materia<\/strong><\/td><td class=\"has-text-align-center\" data-align=\"center\"><strong>D\u00eda<\/strong><\/td><td class=\"has-text-align-center\" data-align=\"center\"><strong>Horario<\/strong><\/td><td class=\"has-text-align-center\" data-align=\"center\"><strong>Docente<\/strong><\/td><td class=\"has-text-align-center\" data-align=\"center\"><\/td><\/tr><tr><td class=\"has-text-align-center\" data-align=\"center\">Administraci\u00f3n de las Organizaciones<\/td><td class=\"has-text-align-center\" data-align=\"center\">Martes*<\/td><td class=\"has-text-align-center\" data-align=\"center\">17 a 20<\/td><td class=\"has-text-align-center\" data-align=\"center\">Prof. <\/td><td class=\"has-text-align-center\" data-align=\"center\"><\/td><\/tr><tr><td class=\"has-text-align-center\" data-align=\"center\">Psicolog\u00eda laboral<\/td><td class=\"has-text-align-center\" data-align=\"center\">Martes*<\/td><td class=\"has-text-align-center\" data-align=\"center\">18 a 20<\/td><td class=\"has-text-align-center\" data-align=\"center\">Prof. Gustavo Corvera<\/td><td class=\"has-text-align-center\" data-align=\"center\"><\/td><\/tr><tr><td class=\"has-text-align-center\" data-align=\"center\">Derecho del Trabajo<\/td><td class=\"has-text-align-center\" data-align=\"center\">Martes**<\/td><td class=\"has-text-align-center\" data-align=\"center\">20 a 22<\/td><td class=\"has-text-align-center\" data-align=\"center\">Prof. Juan Ignacio Monsalve<\/td><td class=\"has-text-align-center\" data-align=\"center\"><\/td><\/tr><tr><td class=\"has-text-align-center\" data-align=\"center\">Medicina del Trabajo 1<\/td><td class=\"has-text-align-center\" data-align=\"center\">Martes**<\/td><td class=\"has-text-align-center\" data-align=\"center\">20 a 22<\/td><td class=\"has-text-align-center\" data-align=\"center\">Prof. Mar\u00eda Isabel Barrios<\/td><td class=\"has-text-align-center\" data-align=\"center\"><\/td><\/tr><tr><td class=\"has-text-align-center\" data-align=\"center\">Medios de Representaci\u00f3n<\/td><td class=\"has-text-align-center\" data-align=\"center\">Mi\u00e9rcoles<\/td><td class=\"has-text-align-center\" data-align=\"center\">17 a 19<\/td><td class=\"has-text-align-center\" data-align=\"center\">Prof. Guillermo Pazos<\/td><td class=\"has-text-align-center\" data-align=\"center\"><\/td><\/tr><tr><td class=\"has-text-align-center\" data-align=\"center\">Pr\u00e1ctica Profesional 1<\/td><td class=\"has-text-align-center\" data-align=\"center\">Mi\u00e9rcoles<\/td><td class=\"has-text-align-center\" data-align=\"center\">19 a 21<\/td><td class=\"has-text-align-center\" data-align=\"center\">Prof. Ariel Jara<\/td><td class=\"has-text-align-center\" data-align=\"center\"><\/td><\/tr><tr><td class=\"has-text-align-center\" data-align=\"center\">Seguridad 1<\/td><td class=\"has-text-align-center\" data-align=\"center\">Mi\u00e9rcoles<br>Jueves<\/td><td class=\"has-text-align-center\" data-align=\"center\">21 a 22<br>18 a 20<sup>1<\/sup><\/td><td class=\"has-text-align-center\" data-align=\"center\">Prof. Ariel Jara<\/td><td class=\"has-text-align-center\" data-align=\"center\"><\/td><\/tr><tr><td class=\"has-text-align-center\" data-align=\"center\">Qu\u00edmica 1<\/td><td class=\"has-text-align-center\" data-align=\"center\">S\u00e1bado<\/td><td class=\"has-text-align-center\" data-align=\"center\">8 a 10<\/td><td class=\"has-text-align-center\" data-align=\"center\">Prof. Silvana Surra<\/td><td class=\"has-text-align-center\" data-align=\"center\"><\/td><\/tr><tr><td class=\"has-text-align-center\" data-align=\"center\">F\u00edsica 1<\/td><td class=\"has-text-align-center\" data-align=\"center\">S\u00e1bado<\/td><td class=\"has-text-align-center\" data-align=\"center\">10 a 12<\/td><td class=\"has-text-align-center\" data-align=\"center\">Prof. Gustavo Bustos<\/td><td class=\"has-text-align-center\" data-align=\"center\"><\/td><\/tr><\/tbody><\/table><figcaption class=\"wp-element-caption\">* Materias en Pr\u00e1cticas Pedag\u00f3gicas Combinadas (PPC), se cursan de manera presencial en forma quincenal, mientras que la semana no presencial es de forma asincr\u00f3nica.<br>**Materias en Pr\u00e1cticas Pedag\u00f3gicas Combinadas (PPC), se cursan de manera presencial en forma quincenal, mientras que la semana no presencial es de forma asincr\u00f3nica.<br><br>1 Corresponde a la carga horaria restante de la materia (3 m\u00f3dulos semanales), que se completa a trav\u00e9s de la plataforma de forma asincr\u00f3nica.<\/figcaption><\/figure>\n\n\n\n<h4 class=\"wp-block-heading has-text-align-center\">Segundo a\u00f1o<\/h4>\n\n\n\n<figure class=\"wp-block-table alignfull\"><table><tbody><tr><td class=\"has-text-align-center\" data-align=\"center\"><strong>Materia<\/strong><\/td><td class=\"has-text-align-center\" data-align=\"center\"><strong>D\u00eda<\/strong><\/td><td class=\"has-text-align-center\" data-align=\"center\"><strong>Horario<\/strong><\/td><td class=\"has-text-align-center\" data-align=\"center\"><strong>Docente<\/strong><\/td><td class=\"has-text-align-center\" data-align=\"center\"><\/td><\/tr><tr><td class=\"has-text-align-center\" data-align=\"center\">Pr\u00e1ctica Profesional 2<\/td><td class=\"has-text-align-center\" data-align=\"center\">Mi\u00e9rcoles*<\/td><td class=\"has-text-align-center\" data-align=\"center\">15 a 18<\/td><td class=\"has-text-align-center\" data-align=\"center\">Prof. Julieta Rosas<\/td><td class=\"has-text-align-center\" data-align=\"center\"><\/td><\/tr><tr><td class=\"has-text-align-center\" data-align=\"center\">Higiene laboral y medio ambiente 1<\/td><td class=\"has-text-align-center\" data-align=\"center\">Mi\u00e9rcoles<\/td><td class=\"has-text-align-center\" data-align=\"center\">18 a 19*<\/td><td class=\"has-text-align-center\" data-align=\"center\">Prof. Juan Bustos<\/td><td class=\"has-text-align-center\" data-align=\"center\"><\/td><\/tr><tr><td class=\"has-text-align-center\" data-align=\"center\">Medicina del Trabajo 2<\/td><td class=\"has-text-align-center\" data-align=\"center\">Mi\u00e9rcoles*<\/td><td class=\"has-text-align-center\" data-align=\"center\">19 a 20<\/td><td class=\"has-text-align-center\" data-align=\"center\">Prof. Mar\u00eda Isabel Barrios<\/td><td class=\"has-text-align-center\" data-align=\"center\"><\/td><\/tr><tr><td class=\"has-text-align-center\" data-align=\"center\">Estad\u00edstica<\/td><td class=\"has-text-align-center\" data-align=\"center\">Mi\u00e9rcoles<\/td><td class=\"has-text-align-center\" data-align=\"center\">20 a 22<\/td><td class=\"has-text-align-center\" data-align=\"center\">Prof. Gimena Lazzaro<\/td><td class=\"has-text-align-center\" data-align=\"center\"><\/td><\/tr><tr><td class=\"has-text-align-center\" data-align=\"center\">Seguridad 2<\/td><td class=\"has-text-align-center\" data-align=\"center\">Jueves<\/td><td class=\"has-text-align-center\" data-align=\"center\">17 a 20<\/td><td class=\"has-text-align-center\" data-align=\"center\">Prof. M\u00f3nica Ciarroca<\/td><td class=\"has-text-align-center\" data-align=\"center\"><\/td><\/tr><tr><td class=\"has-text-align-center\" data-align=\"center\">Ingl\u00e9s T\u00e9cnico<\/td><td class=\"has-text-align-center\" data-align=\"center\">Jueves<\/td><td class=\"has-text-align-center\" data-align=\"center\">20 a 22<\/td><td class=\"has-text-align-center\" data-align=\"center\">Prof. Blanca Edith Lopez Cabrera<\/td><td class=\"has-text-align-center\" data-align=\"center\"><\/td><\/tr><tr><td class=\"has-text-align-center\" data-align=\"center\">F\u00edsica 2<\/td><td class=\"has-text-align-center\" data-align=\"center\">S\u00e1bado<\/td><td class=\"has-text-align-center\" data-align=\"center\">8 a 10<\/td><td class=\"has-text-align-center\" data-align=\"center\">Prof. Abel Villalba<\/td><td class=\"has-text-align-center\" data-align=\"center\"><\/td><\/tr><tr><td class=\"has-text-align-center\" data-align=\"center\">Qu\u00edmica 2<\/td><td class=\"has-text-align-center\" data-align=\"center\">S\u00e1bado*<\/td><td class=\"has-text-align-center\" data-align=\"center\">10 a 11<\/td><td class=\"has-text-align-center\" data-align=\"center\">Prof. Silvana Surra<\/td><td class=\"has-text-align-center\" data-align=\"center\"><\/td><\/tr><tr><td class=\"has-text-align-center\" data-align=\"center\">Ergonom\u00eda<\/td><td class=\"has-text-align-center\" data-align=\"center\">S\u00e1bado<\/td><td class=\"has-text-align-center\" data-align=\"center\">11 a 13<\/td><td class=\"has-text-align-center\" data-align=\"center\">Prof. Jorgelina Esta\u00f1ol<\/td><td class=\"has-text-align-center\" data-align=\"center\"><\/td><\/tr><\/tbody><\/table><figcaption class=\"wp-element-caption\">*La carga horaria (1 m\u00f3dulo) se completa de forma asincr\u00f3nica a trav\u00e9s de la plataforma; ya que las c\u00e1tedras nombradas poseen una carga horaria de 2 m\u00f3dulos semanales.<\/figcaption><\/figure>\n\n\n\n<h4 class=\"wp-block-heading has-text-align-center\">Tercer a\u00f1o<\/h4>\n\n\n\n<figure class=\"wp-block-table alignfull\"><table><tbody><tr><td class=\"has-text-align-center\" data-align=\"center\"><strong>Materia<\/strong><\/td><td class=\"has-text-align-center\" data-align=\"center\"><strong>D\u00eda<\/strong><\/td><td class=\"has-text-align-center\" data-align=\"center\"><strong>Horario<\/strong><\/td><td class=\"has-text-align-center\" data-align=\"center\"><strong>Docente<\/strong><\/td><td class=\"has-text-align-center\" data-align=\"center\"><\/td><\/tr><tr><td class=\"has-text-align-center\" data-align=\"center\">Higiene laboral y Medio Ambiente 2<\/td><td class=\"has-text-align-center\" data-align=\"center\">Martes<\/td><td class=\"has-text-align-center\" data-align=\"center\">18 a 21<\/td><td class=\"has-text-align-center\" data-align=\"center\">Prof. Fabi\u00e1n Vidal<\/td><td class=\"has-text-align-center\" data-align=\"center\"><\/td><\/tr><tr><td class=\"has-text-align-center\" data-align=\"center\">Pr\u00e1ctica Profesional 3<\/td><td class=\"has-text-align-center\" data-align=\"center\">Jueves*<\/td><td class=\"has-text-align-center\" data-align=\"center\">18 a 22<\/td><td class=\"has-text-align-center\" data-align=\"center\">Prof. Ariel Jara<\/td><td class=\"has-text-align-center\" data-align=\"center\"><\/td><\/tr><tr><td class=\"has-text-align-center\" data-align=\"center\">Capacitaci\u00f3n del personal<\/td><td class=\"has-text-align-center\" data-align=\"center\">Viernes*<\/td><td class=\"has-text-align-center\" data-align=\"center\">18 a 20<\/td><td class=\"has-text-align-center\" data-align=\"center\">Prof. Esta\u00f1ol Jorgelina <\/td><td class=\"has-text-align-center\" data-align=\"center\"><\/td><\/tr><tr><td class=\"has-text-align-center\" data-align=\"center\">Comunicaci\u00f3n y administraci\u00f3n de medios<\/td><td class=\"has-text-align-center\" data-align=\"center\">Viernes*<\/td><td class=\"has-text-align-center\" data-align=\"center\">18 a 20<\/td><td class=\"has-text-align-center\" data-align=\"center\">Prof. Miriam Contigiani<\/td><td class=\"has-text-align-center\" data-align=\"center\"><\/td><\/tr><tr><td class=\"has-text-align-center\" data-align=\"center\">Control de la contaminaci\u00f3n<\/td><td class=\"has-text-align-center\" data-align=\"center\">Viernes<sup>1<\/sup><\/td><td class=\"has-text-align-center\" data-align=\"center\">20 a 22<\/td><td class=\"has-text-align-center\" data-align=\"center\">Prof. Fabi\u00e1n Vidal<\/td><td class=\"has-text-align-center\" data-align=\"center\"><\/td><\/tr><tr><td class=\"has-text-align-center\" data-align=\"center\">Seguridad 3<\/td><td class=\"has-text-align-center\" data-align=\"center\">S\u00e1bados<\/td><td class=\"has-text-align-center\" data-align=\"center\">8 a 12<\/td><td class=\"has-text-align-center\" data-align=\"center\">Prof. Juan Bustos<\/td><td class=\"has-text-align-center\" data-align=\"center\"><\/td><\/tr><\/tbody><\/table><figcaption class=\"wp-element-caption\">* La carga horaria de la materia, de 6 m\u00f3dulos semanales, se completa de forma asincr\u00f3nica a trav\u00e9s de la plataforma o con actividades de campo.<br>** Materias en Pr\u00e1cticas Pedag\u00f3gicas Combinadas (PPC), se cursan de manera presencial en forma quincenal, mientras que la semana no presencial es de forma asincr\u00f3nica.<br>1 La carga horaria restante, 1 m\u00f3dulo semanal, se completa de forma asincr\u00f3nica a trav\u00e9s de la plataforma.<br><\/figcaption><\/figure>\n","protected":false},"excerpt":{"rendered":"<p>En la presente grilla se encuentran los d\u00edas, horarios y sede de las cursadas de cada materia que forma parte de la Tecnicatura Superior en Higiene y Seguridad en el Trabajo. Primer a\u00f1o Materia D\u00eda Horario Docente Administraci\u00f3n de las Organizaciones Martes* 17 a 20 Prof. Psicolog\u00eda laboral Martes* 18 a 20 Prof. Gustavo Corvera &#8230; <a title=\"Sobre las Cursadas\" class=\"read-more\" href=\"https:\/\/isfdyt239-bue.infd.edu.ar\/sitio\/carreras\/seguridad-higiene\/cursada-seguridad\/\" aria-label=\"M\u00e1s en Sobre las Cursadas\">[+]<\/a><\/p>\n","protected":false},"author":18,"featured_media":0,"parent":875,"menu_order":0,"comment_status":"closed","ping_status":"closed","template":"","meta":[],"acf":[],"_links":{"self":[{"href":"https:\/\/isfdyt239-bue.infd.edu.ar\/sitio\/wp-json\/wp\/v2\/pages\/889"}],"collection":[{"href":"https:\/\/isfdyt239-bue.infd.edu.ar\/sitio\/wp-json\/wp\/v2\/pages"}],"about":[{"href":"https:\/\/isfdyt239-bue.infd.edu.ar\/sitio\/wp-json\/wp\/v2\/types\/page"}],"author":[{"embeddable":true,"href":"https:\/\/isfdyt239-bue.infd.edu.ar\/sitio\/wp-json\/wp\/v2\/users\/18"}],"replies":[{"embeddable":true,"href":"https:\/\/isfdyt239-bue.infd.edu.ar\/sitio\/wp-json\/wp\/v2\/comments?post=889"}],"version-history":[{"count":38,"href":"https:\/\/isfdyt239-bue.infd.edu.ar\/sitio\/wp-json\/wp\/v2\/pages\/889\/revisions"}],"predecessor-version":[{"id":1400,"href":"https:\/\/isfdyt239-bue.infd.edu.ar\/sitio\/wp-json\/wp\/v2\/pages\/889\/revisions\/1400"}],"up":[{"embeddable":true,"href":"https:\/\/isfdyt239-bue.infd.edu.ar\/sitio\/wp-json\/wp\/v2\/pages\/875"}],"wp:attachment":[{"href":"https:\/\/isfdyt239-bue.infd.edu.ar\/sitio\/wp-json\/wp\/v2\/media?parent=889"}],"curies":[{"name":"wp","href":"https:\/\/api.w.org\/{rel}","templated":true}]}}