{"id":875,"date":"2022-10-14T18:41:52","date_gmt":"2022-10-14T21:41:52","guid":{"rendered":"https:\/\/isfdyt239-bue.infd.edu.ar\/sitio\/?page_id=875"},"modified":"2024-05-01T04:15:58","modified_gmt":"2024-05-01T07:15:58","slug":"seguridad-higiene","status":"publish","type":"page","link":"https:\/\/isfdyt239-bue.infd.edu.ar\/sitio\/carreras\/seguridad-higiene\/","title":{"rendered":"Tecnicatura Superior en Higiene y Seguridad en el Trabajo"},"content":{"rendered":"\n<p>El objetivo de la tecnicatura es formar un profesional capacitado que pueda actuar de manera eficiente en la prevenci\u00f3n de accidentes laborales y el mejoramiento continuo de las condiciones de trabajo.<\/p>\n\n\n\n<p class=\"has-text-align-center\"><strong>\u00bfPorque estudiar esta carrera?<\/strong><\/p>\n\n\n\n<p>Porque es una carrera de solamente 3 a\u00f1os de duraci\u00f3n podr\u00e1s formarte como un profesional capacitado en Seguridad e Higiene Laboral e Industrial, de alta demanda laboral, y obtener un t\u00edtulo oficial habilitante para desempe\u00f1arte en esta funci\u00f3n.<\/p>\n\n\n\n<p>El profesional de Seguridad e Higiene cumple una funci\u00f3n clave y de vital importancia en una organizaci\u00f3n ya que debe implementar acciones que eviten accidentes laborales y enfermedades profesionales, de alto costo e impacto para las personas y las organizaciones.<\/p>\n\n\n\n<p>Para esto debe comprender el comportamiento humano y conocer los procesos que se desarrollan en la empresa a fin de implementar medidas de prevenci\u00f3n eficaces.<\/p>\n\n\n\n<p>Adem\u00e1s, la propia impronta que se busca desde el Instituto 239 es capacitarte para participar en la implementaci\u00f3n eficaz de sistemas de gesti\u00f3n de la seguridad y la higiene en ambientes laborales, lo cual incluye varias funciones muy atractivas y desafiantes:<\/p>\n\n\n\n<ul>\n<li>Promover la prevenci\u00f3n de accidentes y enfermedades profesionales.<\/li>\n\n\n\n<li>Promover m\u00e9todos m\u00e1s seguros e higi\u00e9nicos de trabajo.<\/li>\n\n\n\n<li>Supervisar el cumplimiento de normas de higiene y seguridad en el trabajo.<\/li>\n\n\n\n<li>Asistir y asesorar al responsable del servicio de Higiene y Seguridad en el Trabajo.<\/li>\n\n\n\n<li>Administrar la pol\u00edtica de la empresa en lo referente a seguridad e higiene en el Trabajo.<\/li>\n\n\n\n<li>Supervisar el cumplimiento de las medidas de control.<\/li>\n\n\n\n<li>Elaborar e interpretar documentaci\u00f3n t\u00e9cnica correspondiente a sus funciones.<\/li>\n\n\n\n<li>Preparar informes y mantener estad\u00edsticas.<\/li>\n<\/ul>\n\n\n\n<p>Tambi\u00e9n aprender\u00e1s t\u00e9cnicas y estrategias did\u00e1cticas de capacitaci\u00f3n para ense\u00f1ar a las personas c\u00f3mo cuidarse y cuidar el ambiente laboral.<\/p>\n\n\n\n<p>Adem\u00e1s, incorporar\u00e1s conocimientos sobre organizaci\u00f3n de la empresa, relaciones humanas, psicolog\u00eda laboral, medicina industrial y ergonom\u00eda que te preparar\u00e1n como un profesional completo.<\/p>\n\n\n\n<p class=\"has-text-align-center\"><strong>\u00bfD\u00f3nde podr\u00e1s desempe\u00f1arte?<\/strong><\/p>\n\n\n\n<p>En un amplio rango de organizaciones de todo tipo, rubro de actividad y tama\u00f1o, como industrias, laboratorios y oficinas. Todas las empresas tienen riesgos de accidentes y enfermedades laborales.<\/p>\n\n\n\n<p>Concretamente, podr\u00e1s desempe\u00f1arte:<\/p>\n\n\n\n<ul>\n<li>En el \u00e1rea de Seguridad e Higiene Laboral o Industrial de empresas privadas nacionales, internacionales y multinacionales y organismos gubernamentales.<\/li>\n\n\n\n<li>En la actividad independiente, como consultor o asesor de empresas.<\/li>\n\n\n\n<li>Como instructor en actividades de capacitaci\u00f3n vinculados a la disciplina.<\/li>\n<\/ul>\n\n\n\n<p class=\"has-text-align-center\"><strong>\u00bfPorque estudiar Seguridad e Higiene en el Instituto 239?<\/strong><\/p>\n\n\n\n<p>Porque es una instituci\u00f3n educativa de reciente creaci\u00f3n, actualizada a los nuevos entornos y cambios que son necesarios para una educaci\u00f3n de calidad. Porque es una instituci\u00f3n con profesionales altamente capacitados en el trabajo que realizan (profesores, equipo de gesti\u00f3n, equipo de conducci\u00f3n, etc.).<\/p>\n\n\n\n<p>Adem\u00e1s, te ofrecemos:<\/p>\n\n\n\n<ul>\n<li>Horarios de cursada que te permiten trabajar y estudiar, dada la modalidad presencial con encuentros virtuales.<\/li>\n\n\n\n<li>Formaci\u00f3n profesional de calidad y competitiva para integrarte al mundo del trabajo.<\/li>\n\n\n\n<li>Encuentros presenciales, en formato de seminarios, que complementan los espacios formativos y permiten un abordaje integral de tem\u00e1tica y problem\u00e1ticas.<\/li>\n<\/ul>\n","protected":false},"excerpt":{"rendered":"<p>El objetivo de la tecnicatura es formar un profesional capacitado que pueda actuar de manera eficiente en la prevenci\u00f3n de accidentes laborales y el mejoramiento continuo de las condiciones de trabajo. \u00bfPorque estudiar esta carrera? Porque es una carrera de solamente 3 a\u00f1os de duraci\u00f3n podr\u00e1s formarte como un profesional capacitado en Seguridad e Higiene &#8230; <a title=\"Tecnicatura Superior en Higiene y Seguridad en el Trabajo\" class=\"read-more\" href=\"https:\/\/isfdyt239-bue.infd.edu.ar\/sitio\/carreras\/seguridad-higiene\/\" aria-label=\"M\u00e1s en Tecnicatura Superior en Higiene y Seguridad en el Trabajo\">[+]<\/a><\/p>\n","protected":false},"author":18,"featured_media":0,"parent":863,"menu_order":1,"comment_status":"closed","ping_status":"closed","template":"","meta":[],"acf":[],"_links":{"self":[{"href":"https:\/\/isfdyt239-bue.infd.edu.ar\/sitio\/wp-json\/wp\/v2\/pages\/875"}],"collection":[{"href":"https:\/\/isfdyt239-bue.infd.edu.ar\/sitio\/wp-json\/wp\/v2\/pages"}],"about":[{"href":"https:\/\/isfdyt239-bue.infd.edu.ar\/sitio\/wp-json\/wp\/v2\/types\/page"}],"author":[{"embeddable":true,"href":"https:\/\/isfdyt239-bue.infd.edu.ar\/sitio\/wp-json\/wp\/v2\/users\/18"}],"replies":[{"embeddable":true,"href":"https:\/\/isfdyt239-bue.infd.edu.ar\/sitio\/wp-json\/wp\/v2\/comments?post=875"}],"version-history":[{"count":6,"href":"https:\/\/isfdyt239-bue.infd.edu.ar\/sitio\/wp-json\/wp\/v2\/pages\/875\/revisions"}],"predecessor-version":[{"id":1329,"href":"https:\/\/isfdyt239-bue.infd.edu.ar\/sitio\/wp-json\/wp\/v2\/pages\/875\/revisions\/1329"}],"up":[{"embeddable":true,"href":"https:\/\/isfdyt239-bue.infd.edu.ar\/sitio\/wp-json\/wp\/v2\/pages\/863"}],"wp:attachment":[{"href":"https:\/\/isfdyt239-bue.infd.edu.ar\/sitio\/wp-json\/wp\/v2\/media?parent=875"}],"curies":[{"name":"wp","href":"https:\/\/api.w.org\/{rel}","templated":true}]}}