{"id":863,"date":"2022-09-16T19:44:57","date_gmt":"2022-09-16T22:44:57","guid":{"rendered":"https:\/\/isfdyt239-bue.infd.edu.ar\/sitio\/?page_id=863"},"modified":"2025-06-13T20:38:26","modified_gmt":"2025-06-13T23:38:26","slug":"carreras","status":"publish","type":"page","link":"https:\/\/isfdyt239-bue.infd.edu.ar\/sitio\/carreras\/","title":{"rendered":"Carreras"},"content":{"rendered":"\n<p>Desde nuestra visi\u00f3n, la educaci\u00f3n que buscamos brindar atendiendo a los ejes b\u00e1sicos expuestos anteriormente, debiera ser no solo una educaci\u00f3n de calidad, sino que contribuya en la formaci\u00f3n de trabajadores comprometidos con nuestra realidad.<\/p>\n\n\n\n<p>De all\u00ed la importancia que tanto en la formaci\u00f3n t\u00e9cnica como en la docente se le da al componente social como punto de partida para la reflexi\u00f3n y formaci\u00f3n de futuros trabajadores desde una perspectiva social.<\/p>\n\n\n\n<p>Creemos firmemente que tanto la oferta acad\u00e9mica que buscamos ofrecer como aquellos espacios de formaci\u00f3n continua en cada espacio formativo promueven un futuro mejor. <\/p>\n\n\n\n<div class=\"wp-block-query is-layout-flow\"><ul class=\"wp-block-post-template is-layout-flow\"><li class=\"wp-block-post post-1350 post type-post status-publish format-standard hentry category-sin-categoria infinite-scroll-item masonry-post generate-columns tablet-grid-50 mobile-grid-100 grid-parent grid-50\">\n\n\n<div class=\"wp-block-post-excerpt\"><p class=\"wp-block-post-excerpt__excerpt\">\u00abLa\/El T\u00e9cnica\/o Superior en Tiempo Libre y Recreaci\u00f3n es una\/o profesional con laformaci\u00f3n necesaria para desempe\u00f1arse en el campo de las pr\u00e1cticas recreativas y el accesoal tiempo libre atendiendo a la diversidad de personas, \u00e1mbitos institucionales y prop\u00f3sitos.Se encuentra capacitada\/o para planificar, diagnosticar, desarrollar y evaluar propuestasde pr\u00e1cticas recreativas, en funci\u00f3n de las personas participantes, &#8230; <a title=\"Tecnicatura en Tiempo Libre y recreaci\u00f3n.\" class=\"read-more\" href=\"https:\/\/isfdyt239-bue.infd.edu.ar\/sitio\/tecnicatura-en-tiempo-libre-y-recreacion-en-proceso-de-aprobacion\/\" aria-label=\"M\u00e1s en Tecnicatura en Tiempo Libre y recreaci\u00f3n.\">[+]<\/a> <\/p><\/div>\n\n\n<hr class=\"wp-block-separator has-css-opacity\"\/>\n\n\n<div class=\"wp-block-post-date\"><time datetime=\"2024-10-25T20:09:18-03:00\">25 octubre, 2024<\/time><\/div>\n<\/li><li class=\"wp-block-post post-942 post type-post status-publish format-standard hentry category-instituto tag-i239 tag-inauguracion tag-isfdyt tag-suteba infinite-scroll-item masonry-post generate-columns tablet-grid-50 mobile-grid-100 grid-parent grid-50\">\n\n\n<div class=\"wp-block-post-excerpt\"><p class=\"wp-block-post-excerpt__excerpt\">Un sue\u00f1o hecho realidad. El 4 de agosto del 2022 se inaugur\u00f3 nuestro Instituto de Formaci\u00f3n Docente y T\u00e9cnica. Con un acto realizado ayer en la Subsede de La Plata, se llev\u00f3 adelante la inauguraci\u00f3n del Instituto Superior de Formaci\u00f3n Docente y T\u00e9cnica N\u00b0 239, conveniado entre el SUTEBA y la Direcci\u00f3n General de Cultura &#8230; <a title=\"Inauguraci\u00f3n &#8211; Instituto 239\" class=\"read-more\" href=\"https:\/\/isfdyt239-bue.infd.edu.ar\/sitio\/inauguracion-instituto-239\/\" aria-label=\"M\u00e1s en Inauguraci\u00f3n &#8211; Instituto 239\">[+]<\/a> <\/p><\/div>\n\n\n<hr class=\"wp-block-separator has-css-opacity\"\/>\n\n\n<div class=\"wp-block-post-date\"><time datetime=\"2022-08-03T18:00:32-03:00\">3 agosto, 2022<\/time><\/div>\n<\/li><\/ul><\/div>\n\n\n\n<div class=\"wp-block-query is-layout-flow\"><ul class=\"wp-block-post-template is-layout-flow\"><li class=\"wp-block-post post-1350 post type-post status-publish format-standard hentry category-sin-categoria infinite-scroll-item masonry-post generate-columns tablet-grid-50 mobile-grid-100 grid-parent grid-50\">\n<h2 class=\"wp-block-post-title\"><a href=\"https:\/\/isfdyt239-bue.infd.edu.ar\/sitio\/tecnicatura-en-tiempo-libre-y-recreacion-en-proceso-de-aprobacion\/\" target=\"_self\" >Tecnicatura en Tiempo Libre y recreaci\u00f3n.<\/a><\/h2>\n\n\n\n<div class=\"wp-block-post-excerpt\"><p class=\"wp-block-post-excerpt__excerpt\">\u00abLa\/El T\u00e9cnica\/o Superior en Tiempo Libre y Recreaci\u00f3n es una\/o profesional con laformaci\u00f3n necesaria para desempe\u00f1arse en el campo de las pr\u00e1cticas recreativas y el accesoal tiempo libre atendiendo a la diversidad de personas, \u00e1mbitos institucionales y prop\u00f3sitos.Se encuentra capacitada\/o para planificar, diagnosticar, desarrollar y evaluar propuestasde pr\u00e1cticas recreativas, en funci\u00f3n de las personas participantes, &#8230; <a title=\"Tecnicatura en Tiempo Libre y recreaci\u00f3n.\" class=\"read-more\" href=\"https:\/\/isfdyt239-bue.infd.edu.ar\/sitio\/tecnicatura-en-tiempo-libre-y-recreacion-en-proceso-de-aprobacion\/\" aria-label=\"M\u00e1s en Tecnicatura en Tiempo Libre y recreaci\u00f3n.\">[+]<\/a> <\/p><\/div>\n\n\n<hr class=\"wp-block-separator has-css-opacity\"\/>\n\n\n<div class=\"wp-block-post-date\"><time datetime=\"2024-10-25T20:09:18-03:00\">25 octubre, 2024<\/time><\/div>\n<\/li><li class=\"wp-block-post post-942 post type-post status-publish format-standard hentry category-instituto tag-i239 tag-inauguracion tag-isfdyt tag-suteba infinite-scroll-item masonry-post generate-columns tablet-grid-50 mobile-grid-100 grid-parent grid-50\">\n<h2 class=\"wp-block-post-title\"><a href=\"https:\/\/isfdyt239-bue.infd.edu.ar\/sitio\/inauguracion-instituto-239\/\" target=\"_self\" >Inauguraci\u00f3n &#8211; Instituto 239<\/a><\/h2>\n\n\n\n<div class=\"wp-block-post-excerpt\"><p class=\"wp-block-post-excerpt__excerpt\">Un sue\u00f1o hecho realidad. El 4 de agosto del 2022 se inaugur\u00f3 nuestro Instituto de Formaci\u00f3n Docente y T\u00e9cnica. Con un acto realizado ayer en la Subsede de La Plata, se llev\u00f3 adelante la inauguraci\u00f3n del Instituto Superior de Formaci\u00f3n Docente y T\u00e9cnica N\u00b0 239, conveniado entre el SUTEBA y la Direcci\u00f3n General de Cultura &#8230; <a title=\"Inauguraci\u00f3n &#8211; Instituto 239\" class=\"read-more\" href=\"https:\/\/isfdyt239-bue.infd.edu.ar\/sitio\/inauguracion-instituto-239\/\" aria-label=\"M\u00e1s en Inauguraci\u00f3n &#8211; Instituto 239\">[+]<\/a> <\/p><\/div>\n\n\n<hr class=\"wp-block-separator has-css-opacity\"\/>\n\n\n<div class=\"wp-block-post-date\"><time datetime=\"2022-08-03T18:00:32-03:00\">3 agosto, 2022<\/time><\/div>\n<\/li><\/ul><\/div>\n","protected":false},"excerpt":{"rendered":"<p>Desde nuestra visi\u00f3n, la educaci\u00f3n que buscamos brindar atendiendo a los ejes b\u00e1sicos expuestos anteriormente, debiera ser no solo una educaci\u00f3n de calidad, sino que contribuya en la formaci\u00f3n de trabajadores comprometidos con nuestra realidad. De all\u00ed la importancia que tanto en la formaci\u00f3n t\u00e9cnica como en la docente se le da al componente social &#8230; <a title=\"Carreras\" class=\"read-more\" href=\"https:\/\/isfdyt239-bue.infd.edu.ar\/sitio\/carreras\/\" aria-label=\"M\u00e1s en Carreras\">[+]<\/a><\/p>\n","protected":false},"author":18,"featured_media":0,"parent":0,"menu_order":0,"comment_status":"closed","ping_status":"closed","template":"","meta":[],"acf":[],"_links":{"self":[{"href":"https:\/\/isfdyt239-bue.infd.edu.ar\/sitio\/wp-json\/wp\/v2\/pages\/863"}],"collection":[{"href":"https:\/\/isfdyt239-bue.infd.edu.ar\/sitio\/wp-json\/wp\/v2\/pages"}],"about":[{"href":"https:\/\/isfdyt239-bue.infd.edu.ar\/sitio\/wp-json\/wp\/v2\/types\/page"}],"author":[{"embeddable":true,"href":"https:\/\/isfdyt239-bue.infd.edu.ar\/sitio\/wp-json\/wp\/v2\/users\/18"}],"replies":[{"embeddable":true,"href":"https:\/\/isfdyt239-bue.infd.edu.ar\/sitio\/wp-json\/wp\/v2\/comments?post=863"}],"version-history":[{"count":9,"href":"https:\/\/isfdyt239-bue.infd.edu.ar\/sitio\/wp-json\/wp\/v2\/pages\/863\/revisions"}],"predecessor-version":[{"id":1405,"href":"https:\/\/isfdyt239-bue.infd.edu.ar\/sitio\/wp-json\/wp\/v2\/pages\/863\/revisions\/1405"}],"wp:attachment":[{"href":"https:\/\/isfdyt239-bue.infd.edu.ar\/sitio\/wp-json\/wp\/v2\/media?parent=863"}],"curies":[{"name":"wp","href":"https:\/\/api.w.org\/{rel}","templated":true}]}}