{"id":849,"date":"2022-09-09T22:14:30","date_gmt":"2022-09-10T01:14:30","guid":{"rendered":"https:\/\/isfdyt239-bue.infd.edu.ar\/sitio\/?page_id=849"},"modified":"2025-06-11T20:28:48","modified_gmt":"2025-06-11T23:28:48","slug":"contacto","status":"publish","type":"page","link":"https:\/\/isfdyt239-bue.infd.edu.ar\/sitio\/inicio\/contacto\/","title":{"rendered":"Contacto"},"content":{"rendered":"\n<div class=\"wp-block-columns is-layout-flex wp-container-3\">\n<div class=\"wp-block-column is-layout-flow\">\n<iframe src=\"https:\/\/www.google.com\/maps\/embed?pb=!1m18!1m12!1m3!1d817.8294207474365!2d-57.95117730258498!3d-34.92356880640819!2m3!1f0!2f0!3f0!3m2!1i1024!2i768!4f13.1!3m3!1m2!1s0x95a2e62f4fec5cab%3A0xa7f2fe0fab050c60!2sHotel%2010%20De%20Junio%20Suteba!5e0!3m2!1ses!2sar!4v1662771304311!5m2!1ses!2sar\" width=\"400\" height=\"300\" style=\"border:0;\" allowfullscreen=\"\" loading=\"lazy\" referrerpolicy=\"no-referrer-when-downgrade\"><\/iframe>\n<\/div>\n\n\n\n<div class=\"wp-block-column is-layout-flow\">\n<p>Instituto Superior de Formaci\u00f3n Docente y T\u00e9cnica N\u00ba 239<\/p>\n\n\n\n<p>Direcci\u00f3n: 2 n\u00ba578 entre 43 y 44  &#8211; La Plata<\/p>\n\n\n\n<p>Tel\u00e9fono: (221)5701518<\/p>\n\n\n\n<p>Horario de Atenci\u00f3n: Lunes de 13 a 17:30 hs <\/p>\n\n\n\n<p>Martes a Viernes de 18 a 21:30 hs.<\/p>\n\n\n\n<p>s\u00e1bados de 8 a 12:30 hs <\/p>\n\n\n\n<div><a href=\"https:\/\/www.instagram.com\/institutosuperior239\/\"><img decoding=\"async\" loading=\"lazy\" style=\"margin:5px\" src=\"https:\/\/isfdyt239-bue.infd.edu.ar\/sitio\/wp-content\/uploads\/2022\/09\/4102579_applications_instagram_media_social_icon.png\" width=\"30\" height=\"30\" alt=\"Instagram\"><\/a>\n<a href=\"https:\/\/www.facebook.com\/isfdyt239\"><img decoding=\"async\" loading=\"lazy\" style=\"margin:5px\" src=\"https:\/\/isfdyt239-bue.infd.edu.ar\/sitio\/wp-content\/uploads\/2022\/09\/5365678_fb_facebook_facebook-logo_icon.png\" width=\"30\" height=\"30\" alt=\"Facebook\"><\/a><a href=\"mailto:inscripcion.i239@gmail.com\"><img decoding=\"async\" loading=\"lazy\" style=\"margin:5px\" src=\"https:\/\/isfdyt239-bue.infd.edu.ar\/sitio\/wp-content\/uploads\/2022\/09\/7123031_mail_google_gmail_icon.png\" width=\"30\" height=\"30\" alt=\"Mail\"><\/a><a href=\"https:\/\/api.whatsapp.com\/send\/?phone=5491153118162&amp;text&amp;type=phone_number&amp;app_absent=0\"><img decoding=\"async\" loading=\"lazy\" style=\"margin:5px\" src=\"https:\/\/isfdyt239-bue.infd.edu.ar\/sitio\/wp-content\/uploads\/2023\/06\/whatsapp-logo-whatsapp-icon-whatsapp-transparent-free-png.webp\" width=\"30\" height=\"30\" alt=\"Whatapps\"><\/a><a href=\"https:\/\/t.me\/instituto239\"><img decoding=\"async\" loading=\"lazy\" style=\"margin:5px\" src=\"https:\/\/isfdyt239-bue.infd.edu.ar\/sitio\/wp-content\/uploads\/2023\/06\/png-transparent-telegram-logo-computer-icons-telegram-logo-blue-angle-triangle-thumbnail.png\" width=\"30\" height=\"30\" alt=\"Telegram\"><\/a>\n<\/div>\n\n\n\n<p><\/p>\n<\/div>\n<\/div>\n\n\n\n<div class=\"wp-block-contact-form-7-contact-form-selector\">\n<div class=\"wpcf7 no-js\" id=\"wpcf7-f57-o1\" lang=\"es-ES\" dir=\"ltr\">\n<div class=\"screen-reader-response\"><p role=\"status\" aria-live=\"polite\" aria-atomic=\"true\"><\/p> <ul><\/ul><\/div>\n<form action=\"\/sitio\/wp-json\/wp\/v2\/pages\/849#wpcf7-f57-o1\" method=\"post\" class=\"wpcf7-form init\" aria-label=\"Formulario de contacto\" novalidate=\"novalidate\" data-status=\"init\">\n<div style=\"display: none;\">\n<input type=\"hidden\" name=\"_wpcf7\" value=\"57\" \/>\n<input type=\"hidden\" name=\"_wpcf7_version\" value=\"5.7.7\" \/>\n<input type=\"hidden\" name=\"_wpcf7_locale\" value=\"es_ES\" \/>\n<input type=\"hidden\" name=\"_wpcf7_unit_tag\" value=\"wpcf7-f57-o1\" \/>\n<input type=\"hidden\" name=\"_wpcf7_container_post\" value=\"0\" \/>\n<input type=\"hidden\" name=\"_wpcf7_posted_data_hash\" value=\"\" \/>\n<input type=\"hidden\" name=\"_wpcf7_recaptcha_response\" value=\"\" \/>\n<\/div>\n<p><label><br \/>\n<b>* Nombre<\/b><br \/>\n<span class=\"wpcf7-form-control-wrap\" data-name=\"your-nombre\"><input size=\"40\" class=\"wpcf7-form-control wpcf7-text wpcf7-validates-as-required\" aria-required=\"true\" aria-invalid=\"false\" value=\"\" type=\"text\" name=\"your-nombre\" \/><\/span><br \/>\n<\/label><br \/>\n<label><br \/>\n<b>* Apellidos<\/b><br \/>\n<span class=\"wpcf7-form-control-wrap\" data-name=\"your-apellidos\"><input size=\"40\" class=\"wpcf7-form-control wpcf7-text wpcf7-validates-as-required\" aria-required=\"true\" aria-invalid=\"false\" value=\"\" type=\"text\" name=\"your-apellidos\" \/><\/span><br \/>\n<\/label><br \/>\n<label><br \/>\n<b>* E-mail<\/b><br \/>\n<span class=\"wpcf7-form-control-wrap\" data-name=\"your-e-mail\"><input size=\"40\" class=\"wpcf7-form-control wpcf7-text wpcf7-email wpcf7-validates-as-required wpcf7-validates-as-email\" aria-required=\"true\" aria-invalid=\"false\" value=\"\" type=\"email\" name=\"your-e-mail\" \/><\/span><br \/>\n<\/label><br \/>\n<label><br \/>\n<b>* Tel\u00e9fono<\/b><br \/>\n<span class=\"wpcf7-form-control-wrap\" data-name=\"your-phone\"><input size=\"40\" class=\"wpcf7-form-control wpcf7-text wpcf7-validates-as-required\" aria-required=\"true\" aria-invalid=\"false\" value=\"\" type=\"text\" name=\"your-phone\" \/><\/span><br \/>\n<\/label><br \/>\n<label><br \/>\n<b>* Ciudad<\/b><br \/>\n<span class=\"wpcf7-form-control-wrap\" data-name=\"your-ciudad\"><input size=\"40\" class=\"wpcf7-form-control wpcf7-text wpcf7-validates-as-required\" aria-required=\"true\" aria-invalid=\"false\" value=\"\" type=\"text\" name=\"your-ciudad\" \/><\/span><br \/>\n<\/label><br \/>\n<label><br \/>\n<b>* C\u00f3digo Postal<\/b><br \/>\n<span class=\"wpcf7-form-control-wrap\" data-name=\"your-codigo-postal\"><input size=\"40\" class=\"wpcf7-form-control wpcf7-text wpcf7-validates-as-required\" aria-required=\"true\" aria-invalid=\"false\" value=\"\" type=\"text\" name=\"your-codigo-postal\" \/><\/span><br \/>\n<\/label><br \/>\n<label><br \/>\n<b>* Provincia<\/b><br \/>\n<span class=\"wpcf7-form-control-wrap\" data-name=\"your-provincia\"><input size=\"40\" class=\"wpcf7-form-control wpcf7-text wpcf7-validates-as-required\" aria-required=\"true\" aria-invalid=\"false\" value=\"\" type=\"text\" name=\"your-provincia\" \/><\/span><br \/>\n<\/label><br \/>\n<label><br \/>\n<b>* Comentarios<\/b><br \/>\n<span class=\"wpcf7-form-control-wrap\" data-name=\"your-comentarios\"><textarea cols=\"40\" rows=\"10\" class=\"wpcf7-form-control wpcf7-textarea wpcf7-validates-as-required\" aria-required=\"true\" aria-invalid=\"false\" name=\"your-comentarios\"><\/textarea><\/span><br \/>\n<\/label>\n<\/p>\n<p> (*) Los campos son obligatorios.\n<\/p>\n\n<p><input class=\"wpcf7-form-control has-spinner wpcf7-submit\" type=\"submit\" value=\"Enviar\" \/>\n<\/p><p style=\"display: none !important;\"><label>&#916;<textarea name=\"_wpcf7_ak_hp_textarea\" cols=\"45\" rows=\"8\" maxlength=\"100\"><\/textarea><\/label><input type=\"hidden\" id=\"ak_js_1\" name=\"_wpcf7_ak_js\" value=\"51\"\/><script>document.getElementById( \"ak_js_1\" ).setAttribute( \"value\", ( new Date() ).getTime() );<\/script><\/p><div class=\"wpcf7-response-output\" aria-hidden=\"true\"><\/div>\n<\/form>\n<\/div>\n<\/div>\n","protected":false},"excerpt":{"rendered":"<p>Instituto Superior de Formaci\u00f3n Docente y T\u00e9cnica N\u00ba 239 Direcci\u00f3n: 2 n\u00ba578 entre 43 y 44 &#8211; La Plata Tel\u00e9fono: (221)5701518 Horario de Atenci\u00f3n: Lunes de 13 a 17:30 hs Martes a Viernes de 18 a 21:30 hs. s\u00e1bados de 8 a 12:30 hs<\/p>\n","protected":false},"author":18,"featured_media":0,"parent":286,"menu_order":4,"comment_status":"closed","ping_status":"closed","template":"","meta":[],"acf":[],"_links":{"self":[{"href":"https:\/\/isfdyt239-bue.infd.edu.ar\/sitio\/wp-json\/wp\/v2\/pages\/849"}],"collection":[{"href":"https:\/\/isfdyt239-bue.infd.edu.ar\/sitio\/wp-json\/wp\/v2\/pages"}],"about":[{"href":"https:\/\/isfdyt239-bue.infd.edu.ar\/sitio\/wp-json\/wp\/v2\/types\/page"}],"author":[{"embeddable":true,"href":"https:\/\/isfdyt239-bue.infd.edu.ar\/sitio\/wp-json\/wp\/v2\/users\/18"}],"replies":[{"embeddable":true,"href":"https:\/\/isfdyt239-bue.infd.edu.ar\/sitio\/wp-json\/wp\/v2\/comments?post=849"}],"version-history":[{"count":13,"href":"https:\/\/isfdyt239-bue.infd.edu.ar\/sitio\/wp-json\/wp\/v2\/pages\/849\/revisions"}],"predecessor-version":[{"id":1380,"href":"https:\/\/isfdyt239-bue.infd.edu.ar\/sitio\/wp-json\/wp\/v2\/pages\/849\/revisions\/1380"}],"up":[{"embeddable":true,"href":"https:\/\/isfdyt239-bue.infd.edu.ar\/sitio\/wp-json\/wp\/v2\/pages\/286"}],"wp:attachment":[{"href":"https:\/\/isfdyt239-bue.infd.edu.ar\/sitio\/wp-json\/wp\/v2\/media?parent=849"}],"curies":[{"name":"wp","href":"https:\/\/api.w.org\/{rel}","templated":true}]}}