{"id":286,"date":"2016-10-31T13:17:59","date_gmt":"2016-10-31T16:17:59","guid":{"rendered":"https:\/\/isfdyt239-bue.infd.edu.ar\/sitio\/?page_id=286"},"modified":"2025-11-23T12:42:36","modified_gmt":"2025-11-23T15:42:36","slug":"inicio","status":"publish","type":"page","link":"https:\/\/isfdyt239-bue.infd.edu.ar\/sitio\/","title":{"rendered":"El Instituto"},"content":{"rendered":"\n<p class=\"has-normal-font-size\">Al calor de las luchas por el derecho a la Educaci\u00f3n gestamos colectivamente el proyecto de nuestro Instituto Superior de Formaci\u00f3n Docente y T\u00e9cnica.<\/p>\n\n\n\n<p class=\"has-normal-font-size\">La voluntad pol\u00edtica de un gobierno que aprob\u00f3 nuestra propuesta hizo posible que el d\u00eda 3 de agosto de 2022 se procediera al Acto de Inauguraci\u00f3n.<\/p>\n\n\n\n<p class=\"has-normal-font-size\">El 5 de agosto de 2022 finalmente comenzaron las clases estableciendo como ciclo Anual para el primer a\u00f1o de la Tecnicatura Superior en Higiene y Seguridad en el Trabajo. En los a\u00f1os siguientes, durante el Ciclo Lectivo 2023, nuestro Instituto continuo creciendo ampliando la oferta acad\u00e9mica a la Tecnicatura Superior en Acompa\u00f1amiento Terap\u00e9utico y el Profesorado de Educaci\u00f3n Secundaria en Historia. En 2025 hemos sumado a nuestra oferta educativa la Tecnicatura en Tiempo libre y recreaci\u00f3n y el Profesorado de Educaci\u00f3n Primaria. <\/p>\n\n\n\n<p>Nos encontramos en Calle 2 n\u00ba 578 entre 43 y 44.<\/p>\n\n\n\n<p class=\"has-normal-font-size\">Dentro de los rasgos identitarios destacaremos el trabajo con ejes transversales:<\/p>\n\n\n\n<ol type=\"1\" class=\"list-numerada\">\n<li>Pedagog\u00eda de la memoria: a trav\u00e9s de las luchas de les trabajadores.<\/li>\n\n\n\n<li>Educaci\u00f3n ambiental.<\/li>\n\n\n\n<li>Educaci\u00f3n sexual integral: ESI como pr\u00e1cticas institucionales.<\/li>\n<\/ol>\n\n\n\n<p class=\"has-normal-font-size\">Como elementos de las pr\u00e1cticas institucionales que nos posicionan como Instituto modelo:<\/p>\n\n\n\n<ul class=\"list-no-numerada\">\n<li>Acompa\u00f1amiento de trayectorias e investigaci\u00f3n.<\/li>\n\n\n\n<li>Pr\u00e1cticas de investigaci\u00f3n en articulaci\u00f3n transversal con distintas materias.<\/li>\n\n\n\n<li>Tiempos diferenciados para la ense\u00f1anza, aprendizaje (trabajo aut\u00f3nomo) y trabajo colectivo.<\/li>\n<\/ul>\n\n\n\n<p class=\"has-normal-font-size\">Nuestro prop\u00f3sito es posicionar a nuestres estudiantes como productores de conocimiento con capacidad para el trabajo colectivo.<\/p>\n\n\n\n<p>\u00ab<strong>La educaci\u00f3n no cambia al mundo:<\/strong>&nbsp;cambia a las personas que van a cambiar el mundo.\u00bb Paulo Freire.<\/p>\n\n\n\n<h4 class=\"wp-block-heading\">Bienvenides a Nuestro Instituto.<\/h4>\n\n\n\n<div class=\"wp-block-group is-layout-flow\"><div class=\"wp-block-group__inner-container\"><\/div><\/div>\n","protected":false},"excerpt":{"rendered":"<p>Al calor de las luchas por el derecho a la Educaci\u00f3n gestamos colectivamente el proyecto de nuestro Instituto Superior de Formaci\u00f3n Docente y T\u00e9cnica. La voluntad pol\u00edtica de un gobierno que aprob\u00f3 nuestra propuesta hizo posible que el d\u00eda 3 de agosto de 2022 se procediera al Acto de Inauguraci\u00f3n. El 5 de agosto de &#8230; <a title=\"El Instituto\" class=\"read-more\" href=\"https:\/\/isfdyt239-bue.infd.edu.ar\/sitio\/\" aria-label=\"M\u00e1s en El Instituto\">[+]<\/a><\/p>\n","protected":false},"author":11,"featured_media":0,"parent":0,"menu_order":0,"comment_status":"closed","ping_status":"closed","template":"","meta":[],"acf":[],"_links":{"self":[{"href":"https:\/\/isfdyt239-bue.infd.edu.ar\/sitio\/wp-json\/wp\/v2\/pages\/286"}],"collection":[{"href":"https:\/\/isfdyt239-bue.infd.edu.ar\/sitio\/wp-json\/wp\/v2\/pages"}],"about":[{"href":"https:\/\/isfdyt239-bue.infd.edu.ar\/sitio\/wp-json\/wp\/v2\/types\/page"}],"author":[{"embeddable":true,"href":"https:\/\/isfdyt239-bue.infd.edu.ar\/sitio\/wp-json\/wp\/v2\/users\/11"}],"replies":[{"embeddable":true,"href":"https:\/\/isfdyt239-bue.infd.edu.ar\/sitio\/wp-json\/wp\/v2\/comments?post=286"}],"version-history":[{"count":95,"href":"https:\/\/isfdyt239-bue.infd.edu.ar\/sitio\/wp-json\/wp\/v2\/pages\/286\/revisions"}],"predecessor-version":[{"id":1370,"href":"https:\/\/isfdyt239-bue.infd.edu.ar\/sitio\/wp-json\/wp\/v2\/pages\/286\/revisions\/1370"}],"wp:attachment":[{"href":"https:\/\/isfdyt239-bue.infd.edu.ar\/sitio\/wp-json\/wp\/v2\/media?parent=286"}],"curies":[{"name":"wp","href":"https:\/\/api.w.org\/{rel}","templated":true}]}}