{"id":1028,"date":"2023-02-25T09:49:23","date_gmt":"2023-02-25T12:49:23","guid":{"rendered":"https:\/\/isfdyt239-bue.infd.edu.ar\/sitio\/?page_id=1028"},"modified":"2023-03-06T20:14:51","modified_gmt":"2023-03-06T23:14:51","slug":"programa-acompanante","status":"publish","type":"page","link":"https:\/\/isfdyt239-bue.infd.edu.ar\/sitio\/carreras\/acompanamiento\/programa-acompanante\/","title":{"rendered":"Plan de Estudios"},"content":{"rendered":"\n<p>La Resoluci\u00f3n que rige la estructura curricular de la Tecnicatura Superior en Acompa\u00f1amiento Terap\u00e9utico es la <a href=\"https:\/\/drive.google.com\/file\/d\/1t39ElGBeffBWIQiLS1MtADw6aF-H396q\/view?usp=share_link\" data-type=\"URL\" data-id=\"https:\/\/drive.google.com\/file\/d\/1t39ElGBeffBWIQiLS1MtADw6aF-H396q\/view?usp=share_link\" target=\"_blank\" rel=\"noreferrer noopener\">Resoluci\u00f3n N\u00b0 1221\/15<\/a> de la Direcci\u00f3n General de Cultura y Educaci\u00f3n de la Provincia de Buenos Aires.<\/p>\n\n\n\n<figure class=\"wp-block-table alignwide is-style-stripes\"><table><tbody><tr><td class=\"has-text-align-center\" data-align=\"center\"><strong>Salud P\u00fablica y Salud Mental<\/strong><\/td><td class=\"has-text-align-center\" data-align=\"center\"><strong>Contextualizaci\u00f3n del Campo Profesional del Acompa\u00f1amiento Terap\u00e9utico<\/strong><\/td><td class=\"has-text-align-center\" data-align=\"center\"><strong>Principios M\u00e9dicos y de Psicofarmacolog\u00eda<\/strong><\/td><td class=\"has-text-align-center\" data-align=\"center\"><strong>Fundamentos de Psicolog\u00eda General y de Intervenci\u00f3n Sociocomunitaria<\/strong><\/td><td class=\"has-text-align-center\" data-align=\"center\"><strong>Psicolog\u00eda de los Ciclos Vitales<\/strong><\/td><td class=\"has-text-align-center\" data-align=\"center\"><strong>Psicopatolog\u00eda<\/strong><\/td><td class=\"has-text-align-center\" data-align=\"center\"><strong>Modalidades de Intervenci\u00f3n en el Acompa\u00f1amiento Terap\u00e9utico<\/strong><\/td><td class=\"has-text-align-center\" data-align=\"center\"><strong>Pr\u00e1ctica Profesionalizante 1<\/strong><\/td><\/tr><tr><td class=\"has-text-align-center\" data-align=\"center\">64 horas<\/td><td class=\"has-text-align-center\" data-align=\"center\">64 horas<\/td><td class=\"has-text-align-center\" data-align=\"center\">64 horas<\/td><td class=\"has-text-align-center\" data-align=\"center\">64 horas<\/td><td class=\"has-text-align-center\" data-align=\"center\">64 horas<\/td><td class=\"has-text-align-center\" data-align=\"center\">64 horas<\/td><td class=\"has-text-align-center\" data-align=\"center\">128 horas<\/td><td class=\"has-text-align-center\" data-align=\"center\">128 horas<\/td><\/tr><\/tbody><\/table><figcaption class=\"wp-element-caption\">Primer a\u00f1o de la Tecnicatura Superior en Acompa\u00f1amiento Terap\u00e9utico*<\/figcaption><\/figure>\n\n\n\n<p class=\"has-text-align-right\"><strong>*La aprobaci\u00f3n de la totalidad de las materias de Primer a\u00f1o corresponder\u00e1 a la certificaci\u00f3n de Acompa\u00f1ante Terap\u00e9utico, de acuerdo con la Resoluci\u00f3n N\u00b0 1014\/14.<\/strong><\/p>\n\n\n\n<figure class=\"wp-block-table alignwide is-style-stripes\"><table><tbody><tr><td class=\"has-text-align-center\" data-align=\"center\"><strong>Investigaci\u00f3n en Salud<\/strong><\/td><td class=\"has-text-align-center\" data-align=\"center\"><strong>Modelo de Ocupaci\u00f3n Humana<\/strong><\/td><td class=\"has-text-align-center\" data-align=\"center\"><strong>\u00c9tica<\/strong><\/td><td class=\"has-text-align-center\" data-align=\"center\"><strong>Acompa\u00f1amiento Terap\u00e9utico<\/strong><\/td><td class=\"has-text-align-center\" data-align=\"center\"><strong>Psicolog\u00eda de Grupos<\/strong><\/td><td class=\"has-text-align-center\" data-align=\"center\"><strong>Sistemas Familiares<\/strong><\/td><td class=\"has-text-align-center\" data-align=\"center\"><strong>Psicofarmacolog\u00eda<\/strong><\/td><td class=\"has-text-align-center\" data-align=\"center\"><strong>Pr\u00e1ctica Profesionalizante 2<\/strong><\/td><\/tr><tr><td class=\"has-text-align-center\" data-align=\"center\">64 horas<\/td><td class=\"has-text-align-center\" data-align=\"center\">64 horas<\/td><td class=\"has-text-align-center\" data-align=\"center\">32 horas<\/td><td class=\"has-text-align-center\" data-align=\"center\">64 horas<\/td><td class=\"has-text-align-center\" data-align=\"center\">64 horas<\/td><td class=\"has-text-align-center\" data-align=\"center\">64 horas<\/td><td class=\"has-text-align-center\" data-align=\"center\">32 horas<\/td><td class=\"has-text-align-center\" data-align=\"center\">96 horas<\/td><\/tr><\/tbody><\/table><figcaption class=\"wp-element-caption\">Segundo a\u00f1o de la Tecnicatura Superior en Acompa\u00f1amiento Terap\u00e9utico<\/figcaption><\/figure>\n\n\n\n<figure class=\"wp-block-table alignwide is-style-stripes\"><table><tbody><tr><td class=\"has-text-align-center\" data-align=\"center\"><strong>Ingl\u00e9s<\/strong><\/td><td class=\"has-text-align-center\" data-align=\"center\"><strong>Organizaci\u00f3n y Gesti\u00f3n de los Servicios de Salud Mental<\/strong><\/td><td class=\"has-text-align-center\" data-align=\"center\"><strong>Intervenci\u00f3n Comunitaria y Recursos Sociales<\/strong><\/td><td class=\"has-text-align-center\" data-align=\"center\"><strong>Acompa\u00f1amiento Terap\u00e9utico en la Ni\u00f1ez y Adolescencia<\/strong><\/td><td class=\"has-text-align-center\" data-align=\"center\"><strong>Acompa\u00f1amiento Terap\u00e9utico del Adulto y Adulto Mayor<\/strong><\/td><td class=\"has-text-align-center\" data-align=\"center\"><strong>Pr\u00e1ctica Profesionalizante 3<\/strong><\/td><\/tr><tr><td class=\"has-text-align-center\" data-align=\"center\">64 horas<\/td><td class=\"has-text-align-center\" data-align=\"center\">64 horas<\/td><td class=\"has-text-align-center\" data-align=\"center\">64 horas<\/td><td class=\"has-text-align-center\" data-align=\"center\">96 horas<\/td><td class=\"has-text-align-center\" data-align=\"center\">96 horas<\/td><td class=\"has-text-align-center\" data-align=\"center\">96 horas<\/td><\/tr><\/tbody><\/table><figcaption class=\"wp-element-caption\">Tercer a\u00f1o de la Tecnicatura Superior en Acompa\u00f1amiento Terap\u00e9utico<\/figcaption><\/figure>\n","protected":false},"excerpt":{"rendered":"<p>La Resoluci\u00f3n que rige la estructura curricular de la Tecnicatura Superior en Acompa\u00f1amiento Terap\u00e9utico es la Resoluci\u00f3n N\u00b0 1221\/15 de la Direcci\u00f3n General de Cultura y Educaci\u00f3n de la Provincia de Buenos Aires. Salud P\u00fablica y Salud Mental Contextualizaci\u00f3n del Campo Profesional del Acompa\u00f1amiento Terap\u00e9utico Principios M\u00e9dicos y de Psicofarmacolog\u00eda Fundamentos de Psicolog\u00eda General y &#8230; <a title=\"Plan de Estudios\" class=\"read-more\" href=\"https:\/\/isfdyt239-bue.infd.edu.ar\/sitio\/carreras\/acompanamiento\/programa-acompanante\/\" aria-label=\"M\u00e1s en Plan de Estudios\">[+]<\/a><\/p>\n","protected":false},"author":18,"featured_media":0,"parent":1019,"menu_order":0,"comment_status":"closed","ping_status":"closed","template":"","meta":[],"acf":[],"_links":{"self":[{"href":"https:\/\/isfdyt239-bue.infd.edu.ar\/sitio\/wp-json\/wp\/v2\/pages\/1028"}],"collection":[{"href":"https:\/\/isfdyt239-bue.infd.edu.ar\/sitio\/wp-json\/wp\/v2\/pages"}],"about":[{"href":"https:\/\/isfdyt239-bue.infd.edu.ar\/sitio\/wp-json\/wp\/v2\/types\/page"}],"author":[{"embeddable":true,"href":"https:\/\/isfdyt239-bue.infd.edu.ar\/sitio\/wp-json\/wp\/v2\/users\/18"}],"replies":[{"embeddable":true,"href":"https:\/\/isfdyt239-bue.infd.edu.ar\/sitio\/wp-json\/wp\/v2\/comments?post=1028"}],"version-history":[{"count":3,"href":"https:\/\/isfdyt239-bue.infd.edu.ar\/sitio\/wp-json\/wp\/v2\/pages\/1028\/revisions"}],"predecessor-version":[{"id":1041,"href":"https:\/\/isfdyt239-bue.infd.edu.ar\/sitio\/wp-json\/wp\/v2\/pages\/1028\/revisions\/1041"}],"up":[{"embeddable":true,"href":"https:\/\/isfdyt239-bue.infd.edu.ar\/sitio\/wp-json\/wp\/v2\/pages\/1019"}],"wp:attachment":[{"href":"https:\/\/isfdyt239-bue.infd.edu.ar\/sitio\/wp-json\/wp\/v2\/media?parent=1028"}],"curies":[{"name":"wp","href":"https:\/\/api.w.org\/{rel}","templated":true}]}}