{"id":1025,"date":"2023-02-25T09:47:59","date_gmt":"2023-02-25T12:47:59","guid":{"rendered":"https:\/\/isfdyt239-bue.infd.edu.ar\/sitio\/?page_id=1025"},"modified":"2023-03-06T20:14:41","modified_gmt":"2023-03-06T23:14:41","slug":"correlatividades-acompanante","status":"publish","type":"page","link":"https:\/\/isfdyt239-bue.infd.edu.ar\/sitio\/carreras\/acompanamiento\/correlatividades-acompanante\/","title":{"rendered":"Plan de Correlatividades"},"content":{"rendered":"\n<p>El cursado y aprobaci\u00f3n de un Plan de Estudios est\u00e1 regido por un R\u00e9gimen de Correlatividades. El R\u00e9gimen de Correlatividades establece que para cursar y aprobar una materia, deben cumplimentarse los requisitos estipulados en el R\u00e9gimen.<\/p>\n\n\n\n<p>Al momento de cursar o rendir el examen final de una asignatura, todas las materias que sean correlativas de la misma deben estar cursadas y\/o aprobadas (seg\u00fan corresponda).<\/p>\n\n\n\n<p>Es importante que al momento de ingresar a la Tecnicatura, el estudiante se informe sobre el R\u00e9gimen de Correlatividades para ir planeando c\u00f3mo y cu\u00e1ndo cursar y rendir las diferentes materias. Los planes de estudios pueden consultarse en el acceso Carreras.<\/p>\n\n\n\n<p>En la Tecnicatura Superior en Acompa\u00f1amiento Terap\u00e9utico el r\u00e9gimen establece una correlatividad cursada a cursada \u2013 final a final. Eso quiere decir que para cursar o rendir final de la materia correlativa deber\u00e1 tener aprobada la cursada o el final de la respectiva materia.<\/p>\n\n\n\n<h5 class=\"wp-block-heading\">Correlatividades de las Cursadas<\/h5>\n\n\n\n<figure class=\"wp-block-table aligncenter\"><table><tbody><tr><td class=\"has-text-align-center\" data-align=\"center\"><strong>Para cursar<\/strong><\/td><td class=\"has-text-align-center\" data-align=\"center\"><strong>Deber\u00e1 tener la cursada aprobada de<\/strong><\/td><\/tr><tr><td class=\"has-text-align-center\" data-align=\"center\">Psicopatolog\u00eda<\/td><td class=\"has-text-align-center\" data-align=\"center\">Fundamentos de Psicolog\u00eda General e intervenci\u00f3n Sociocomunitaria<\/td><\/tr><tr><td class=\"has-text-align-center\" data-align=\"center\">Investigaci\u00f3n en Salud<\/td><td class=\"has-text-align-center\" data-align=\"center\">Salud P\u00fablica y Salud Mental<\/td><\/tr><tr><td class=\"has-text-align-center\" data-align=\"center\">Acompa\u00f1amiento Terap\u00e9utico<\/td><td class=\"has-text-align-center\" data-align=\"center\">Modalidades de Intervenci\u00f3n en el Acompa\u00f1amiento Terap\u00e9utico<\/td><\/tr><tr><td class=\"has-text-align-center\" data-align=\"center\">Psicofarmacolog\u00eda<\/td><td class=\"has-text-align-center\" data-align=\"center\">Principios m\u00e9dicos y de Psicofarmacolog\u00eda<\/td><\/tr><tr><td class=\"has-text-align-center\" data-align=\"center\">Organizaci\u00f3n y Gesti\u00f3n de los Servicios de Salud Mental<\/td><td class=\"has-text-align-center\" data-align=\"center\">Salud P\u00fablica y Salud Mental<\/td><\/tr><tr><td class=\"has-text-align-center\" data-align=\"center\">Acompa\u00f1amiento Terap\u00e9utico en la Ni\u00f1ez y Adolescencia<\/td><td class=\"has-text-align-center\" data-align=\"center\">Acompa\u00f1amiento Terap\u00e9utico<\/td><\/tr><tr><td class=\"has-text-align-center\" data-align=\"center\">Acompa\u00f1amiento Terap\u00e9utico del Adulto y Adulto Mayor<\/td><td class=\"has-text-align-center\" data-align=\"center\">Acompa\u00f1amiento Terap\u00e9utico<\/td><\/tr><\/tbody><\/table><\/figure>\n\n\n\n<h5 class=\"wp-block-heading\">Correlatividades de los Finales<\/h5>\n\n\n\n<figure class=\"wp-block-table aligncenter\"><table><tbody><tr><td class=\"has-text-align-center\" data-align=\"center\"><strong>Para aprobar<\/strong><\/td><td class=\"has-text-align-center\" data-align=\"center\"><strong><strong>Deber\u00e1 tener el final aprobado de<\/strong><\/strong><\/td><\/tr><tr><td class=\"has-text-align-center\" data-align=\"center\">Psicopatolog\u00eda<\/td><td class=\"has-text-align-center\" data-align=\"center\">Fundamentos de Psicolog\u00eda General e intervenci\u00f3n Sociocomunitaria<\/td><\/tr><tr><td class=\"has-text-align-center\" data-align=\"center\">Investigaci\u00f3n en Salud<\/td><td class=\"has-text-align-center\" data-align=\"center\">Salud P\u00fablica y Salud Mental<\/td><\/tr><tr><td class=\"has-text-align-center\" data-align=\"center\">Acompa\u00f1amiento Terap\u00e9utico<\/td><td class=\"has-text-align-center\" data-align=\"center\">Modalidades de Intervenci\u00f3n en el Acompa\u00f1amiento Terap\u00e9utico<\/td><\/tr><tr><td class=\"has-text-align-center\" data-align=\"center\">Psicofarmacolog\u00eda<\/td><td class=\"has-text-align-center\" data-align=\"center\">Principios m\u00e9dicos y de Psicofarmacolog\u00eda<\/td><\/tr><tr><td class=\"has-text-align-center\" data-align=\"center\">Organizaci\u00f3n y Gesti\u00f3n de los Servicios de Salud Mental<\/td><td class=\"has-text-align-center\" data-align=\"center\">Salud P\u00fablica y Salud Mental<\/td><\/tr><tr><td class=\"has-text-align-center\" data-align=\"center\">Acompa\u00f1amiento Terap\u00e9utico en la Ni\u00f1ez y Adolescencia<\/td><td class=\"has-text-align-center\" data-align=\"center\">Acompa\u00f1amiento Terap\u00e9utico<\/td><\/tr><tr><td class=\"has-text-align-center\" data-align=\"center\">Acompa\u00f1amiento Terap\u00e9utico del Adulto y Adulto Mayor<\/td><td class=\"has-text-align-center\" data-align=\"center\">Acompa\u00f1amiento Terap\u00e9utico<\/td><\/tr><\/tbody><\/table><\/figure>\n","protected":false},"excerpt":{"rendered":"<p>El cursado y aprobaci\u00f3n de un Plan de Estudios est\u00e1 regido por un R\u00e9gimen de Correlatividades. El R\u00e9gimen de Correlatividades establece que para cursar y aprobar una materia, deben cumplimentarse los requisitos estipulados en el R\u00e9gimen. Al momento de cursar o rendir el examen final de una asignatura, todas las materias que sean correlativas de &#8230; <a title=\"Plan de Correlatividades\" class=\"read-more\" href=\"https:\/\/isfdyt239-bue.infd.edu.ar\/sitio\/carreras\/acompanamiento\/correlatividades-acompanante\/\" aria-label=\"M\u00e1s en Plan de Correlatividades\">[+]<\/a><\/p>\n","protected":false},"author":18,"featured_media":0,"parent":1019,"menu_order":0,"comment_status":"closed","ping_status":"closed","template":"","meta":[],"acf":[],"_links":{"self":[{"href":"https:\/\/isfdyt239-bue.infd.edu.ar\/sitio\/wp-json\/wp\/v2\/pages\/1025"}],"collection":[{"href":"https:\/\/isfdyt239-bue.infd.edu.ar\/sitio\/wp-json\/wp\/v2\/pages"}],"about":[{"href":"https:\/\/isfdyt239-bue.infd.edu.ar\/sitio\/wp-json\/wp\/v2\/types\/page"}],"author":[{"embeddable":true,"href":"https:\/\/isfdyt239-bue.infd.edu.ar\/sitio\/wp-json\/wp\/v2\/users\/18"}],"replies":[{"embeddable":true,"href":"https:\/\/isfdyt239-bue.infd.edu.ar\/sitio\/wp-json\/wp\/v2\/comments?post=1025"}],"version-history":[{"count":3,"href":"https:\/\/isfdyt239-bue.infd.edu.ar\/sitio\/wp-json\/wp\/v2\/pages\/1025\/revisions"}],"predecessor-version":[{"id":1037,"href":"https:\/\/isfdyt239-bue.infd.edu.ar\/sitio\/wp-json\/wp\/v2\/pages\/1025\/revisions\/1037"}],"up":[{"embeddable":true,"href":"https:\/\/isfdyt239-bue.infd.edu.ar\/sitio\/wp-json\/wp\/v2\/pages\/1019"}],"wp:attachment":[{"href":"https:\/\/isfdyt239-bue.infd.edu.ar\/sitio\/wp-json\/wp\/v2\/media?parent=1025"}],"curies":[{"name":"wp","href":"https:\/\/api.w.org\/{rel}","templated":true}]}}