{"id":1019,"date":"2022-12-16T19:55:33","date_gmt":"2022-12-16T22:55:33","guid":{"rendered":"https:\/\/isfdyt239-bue.infd.edu.ar\/sitio\/?page_id=1019"},"modified":"2023-03-06T20:21:53","modified_gmt":"2023-03-06T23:21:53","slug":"acompanamiento","status":"publish","type":"page","link":"https:\/\/isfdyt239-bue.infd.edu.ar\/sitio\/carreras\/acompanamiento\/","title":{"rendered":"Tecnicatura Superior en Acompa\u00f1amiento Terap\u00e9utico"},"content":{"rendered":"\n<p>El objetivo de la tecnicatura es formar un profesional de la salud capacitado que pueda intervenir en el abordaje de las personas con padecimientos mentales, en el marco de la indicaci\u00f3n de un equipo interdisciplinario mediando y facilitando la rehabilitaci\u00f3n y la vinculaci\u00f3n social.<\/p>\n\n\n\n<p class=\"has-text-align-center\"><strong>\u00bfPorque estudiar esta carrera?<\/strong><\/p>\n\n\n\n<p>Porque es una carrera de solamente 3 a\u00f1os de duraci\u00f3n podr\u00e1s formarte como un profesional capacitado en Acompa\u00f1amiento Terap\u00e9utico, de alta demanda laboral, y obtener un t\u00edtulo oficial habilitante para desempe\u00f1arte en esta funci\u00f3n.<\/p>\n\n\n\n<p>Este profesional de la salud cumple una funci\u00f3n clave y de vital importancia en la vida de las personas ya que debe implementar acciones que facilite la mediaci\u00f3n y reinserci\u00f3n en la vinculaci\u00f3n familiar y social de las personas con padecimiento mental.<\/p>\n\n\n\n<p>Para esto debe no solo trabajar en conjunto con los sectores de ense\u00f1anza primarios sino que tambi\u00e9n, bajo una visi\u00f3n integral y multidisciplinar, trabajar con equipos interdisciplinarios a fin de fortalecer la rehabilitaci\u00f3n.<\/p>\n\n\n\n<p>Adem\u00e1s, la propia impronta que se busca desde el Instituto 239 es capacitarte para participar en la implementaci\u00f3n eficaz de planes de rehabilitaci\u00f3n, lo cual incluye varias funciones muy atractivas y desafiantes:<\/p>\n\n\n\n<ul>\n<li>Promover el trabajo y abordaje interdisciplinario.<\/li>\n\n\n\n<li>Promover m\u00e9todos para prevenir reca\u00eddas, no solo de manera aplicada sino de forma investigativa.<\/li>\n\n\n\n<li>Dise\u00f1ar estrategias de contenci\u00f3n y vinculaci\u00f3n no solo al padeciente, sino a su entorno vincular tambi\u00e9n.<\/li>\n<\/ul>\n\n\n\n<p>Tambi\u00e9n aprender\u00e1s t\u00e9cnicas y estrategias did\u00e1cticas de comunicaci\u00f3n para desempe\u00f1ar las labores de trabajo en equipos interdisciplinarios de forma eficaz.<\/p>\n\n\n\n<p class=\"has-text-align-center\"><strong>\u00bfD\u00f3nde podr\u00e1s desempe\u00f1arte?<\/strong><\/p>\n\n\n\n<p>Un acompa\u00f1ante terap\u00e9utico se encuentra habilitado para trabajar tanto en instituciones educativas como nosocomios, de manera privada o bien respondiendo a grupos de tratamiento de adicciones en centros organizados para tal fin. El campo de trabajo se extiende tanto a instituciones p\u00fablicas como privadas.<\/p>\n\n\n\n<p>Se puede promover la integraci\u00f3n en asilos, cl\u00ednicas de rehabilitaci\u00f3n o granjas terap\u00e9uticas siempre que se tenga un profesional responsable del paciente con el que trabajar de manera interdisciplinaria. El mercado laboral del Acompa\u00f1ante Terap\u00e9utico es variado y se va diversificando en distintas \u00e1reas. En el \u00e1mbito de las internaciones psiqui\u00e1tricas se busca una disminuci\u00f3n de los per\u00edodos de internaci\u00f3n para que se pueda programar una externaci\u00f3n m\u00e1s efectiva.<\/p>\n\n\n\n<p>Por otra parte hay un mercado laboral abierto en el \u00e1mbito de los servicios p\u00fablicos donde se busca proveer tratamientos psiqui\u00e1tricos alternativos a las internaciones para avanzar hacia una disminuci\u00f3n de los manicomios como salida a la enfermedad mental. Otra propuesta laboral se encuentra dentro de las intermedias, como pueden ser los hostales o casas de medio camino donde se puede trabajar en la coordinaci\u00f3n o direcci\u00f3n de las mismas.<\/p>\n\n\n\n<p>En el Sistema Privado de Salud, en instituciones prestadoras de servicios psiqui\u00e1tricos en los cuales las internaciones no forman parte de la cobertura asistencial, o las cubren por per\u00edodos muy breves. Otra alternativa es como asistencia en psiquiatr\u00eda o psicolog\u00eda tanto en consultorios como en los casos en que los pacientes necesitan seguimiento domiciliario.<\/p>\n\n\n\n<p class=\"has-text-align-center\"><strong>\u00bfPorque estudiar Acompa\u00f1amiento Terap\u00e9utico en el Instituto 239?<\/strong><\/p>\n\n\n\n<p>Porque es una instituci\u00f3n educativa de reciente creaci\u00f3n, actualizada a los nuevos entornos y cambios que son necesarios para una educaci\u00f3n de calidad. Porque es una instituci\u00f3n con profesionales altamente capacitados en el trabajo que realizan (profesores, equipo de gesti\u00f3n, equipo de conducci\u00f3n, etc.).<\/p>\n\n\n\n<p>Adem\u00e1s, te ofrecemos:<\/p>\n\n\n\n<ul>\n<li>Horarios de cursada que te permiten trabajar y estudiar, dada la modalidad presencial con encuentros virtuales.<\/li>\n\n\n\n<li>Formaci\u00f3n profesional de calidad y competitiva para integrarte al mundo del trabajo.<\/li>\n\n\n\n<li>Encuentros presenciales, en formato de seminarios, que complementan los espacios formativos y permiten un abordaje integral de tem\u00e1tica y problem\u00e1ticas.<\/li>\n<\/ul>\n","protected":false},"excerpt":{"rendered":"<p>El objetivo de la tecnicatura es formar un profesional de la salud capacitado que pueda intervenir en el abordaje de las personas con padecimientos mentales, en el marco de la indicaci\u00f3n de un equipo interdisciplinario mediando y facilitando la rehabilitaci\u00f3n y la vinculaci\u00f3n social. \u00bfPorque estudiar esta carrera? Porque es una carrera de solamente 3 &#8230; <a title=\"Tecnicatura Superior en Acompa\u00f1amiento Terap\u00e9utico\" class=\"read-more\" href=\"https:\/\/isfdyt239-bue.infd.edu.ar\/sitio\/carreras\/acompanamiento\/\" aria-label=\"M\u00e1s en Tecnicatura Superior en Acompa\u00f1amiento Terap\u00e9utico\">[+]<\/a><\/p>\n","protected":false},"author":18,"featured_media":0,"parent":863,"menu_order":2,"comment_status":"closed","ping_status":"closed","template":"","meta":[],"acf":[],"_links":{"self":[{"href":"https:\/\/isfdyt239-bue.infd.edu.ar\/sitio\/wp-json\/wp\/v2\/pages\/1019"}],"collection":[{"href":"https:\/\/isfdyt239-bue.infd.edu.ar\/sitio\/wp-json\/wp\/v2\/pages"}],"about":[{"href":"https:\/\/isfdyt239-bue.infd.edu.ar\/sitio\/wp-json\/wp\/v2\/types\/page"}],"author":[{"embeddable":true,"href":"https:\/\/isfdyt239-bue.infd.edu.ar\/sitio\/wp-json\/wp\/v2\/users\/18"}],"replies":[{"embeddable":true,"href":"https:\/\/isfdyt239-bue.infd.edu.ar\/sitio\/wp-json\/wp\/v2\/comments?post=1019"}],"version-history":[{"count":2,"href":"https:\/\/isfdyt239-bue.infd.edu.ar\/sitio\/wp-json\/wp\/v2\/pages\/1019\/revisions"}],"predecessor-version":[{"id":1046,"href":"https:\/\/isfdyt239-bue.infd.edu.ar\/sitio\/wp-json\/wp\/v2\/pages\/1019\/revisions\/1046"}],"up":[{"embeddable":true,"href":"https:\/\/isfdyt239-bue.infd.edu.ar\/sitio\/wp-json\/wp\/v2\/pages\/863"}],"wp:attachment":[{"href":"https:\/\/isfdyt239-bue.infd.edu.ar\/sitio\/wp-json\/wp\/v2\/media?parent=1019"}],"curies":[{"name":"wp","href":"https:\/\/api.w.org\/{rel}","templated":true}]}}